{"id":5699,"date":"2024-05-08T11:07:50","date_gmt":"2024-05-08T11:07:50","guid":{"rendered":"https:\/\/eipdegypt.com\/?post_type=product&#038;p=5699"},"modified":"2024-12-17T09:48:58","modified_gmt":"2024-12-17T09:48:58","slug":"la-cle-de-francais-cahier-d-activites-1","status":"publish","type":"product","link":"https:\/\/eipdegypt.com\/ar\/product\/la-cle-de-francais-cahier-d-activites-1\/","title":{"rendered":"LA CL\u00c9 DE FRAN\u00c7AIS (CAHIER \u010e ACTIVIT\u00c9S) (1)"},"content":{"rendered":"<div class=\"_3d-flip-book  fb3d-hidden-mode\" data-id=\"5381\" data-mode=\"hidden\" data-title=\"false\" data-template=\"short-white-book-view\" data-lightbox=\"dark-shadow\" data-urlparam=\"fb3d-page\" data-page-n=\"0\" data-pdf=\"\" data-tax=\"null\" data-thumbnail=\"\" data-cols=\"3\" data-book-template=\"default\"><\/div><script type=\"text\/javascript\">window.FB3D_CLIENT_DATA = window.FB3D_CLIENT_DATA || [];window.FB3D_CLIENT_DATA.push('eyJwb3N0cyI6eyI1MzgxIjp7IklEIjo1MzgxLCJ0aXRsZSI6IkxBIENMXHUwMGM5IERFIEZSQU5cdTAwYzdBSVMgLSBDQUhJRVIgXHUwMTBlIEFDVElWSVRcdTAwYzlTIC0gMSIsInR5cGUiOiJwZGYiLCJyZWFkeV9mdW5jdGlvbiI6IiIsImJvb2tfc3R5bGUiOiJmbGF0IiwiYm9va190ZW1wbGF0ZSI6Im5vbmUiLCJvdXRsaW5lIjpbXSwiZGF0YSI6eyJwb3N0X0lEIjoiNjY3MCIsImd1aWQiOiJodHRwczpcL1wvZWlwZGVneXB0LmNvbVwvd3AtY29udGVudFwvdXBsb2Fkc1wvMjAyNFwvMDVcL0xhLUNsZS1kZS1GcmFuY2Fpcy0xLUNhaGllci1kLWFjdGl2aXRlcy1QREYtc2FtcGxlLU5ldy5wZGYiLCJwZGZfcGFnZXMiOiIxNCIsInBhZ2VzX2N1c3RvbWl6YXRpb24iOiJhbGwifSwidGh1bWJuYWlsIjp7ImRhdGEiOnsicG9zdF9JRCI6IjAifSwidHlwZSI6ImF1dG8ifSwicHJvcHMiOnsiYmFja2dyb3VuZENvbG9yIjoiYXV0byIsImJhY2tncm91bmRJbWFnZSI6ImF1dG8iLCJiYWNrZ3JvdW5kU3R5bGUiOiJhdXRvIiwiaGlnaGxpZ2h0TGlua3MiOiJhdXRvIiwibGlnaHRpbmciOiJhdXRvIiwiY2FjaGVkUGFnZXMiOiJhdXRvIiwicmVuZGVySW5hY3RpdmVQYWdlcyI6ImF1dG8iLCJyZW5kZXJJbmFjdGl2ZVBhZ2VzT25Nb2JpbGUiOiJhdXRvIiwicmVuZGVyV2hpbGVGbGlwcGluZyI6ImF1dG8iLCJwcmVsb2FkUGFnZXMiOiJhdXRvIiwiYXV0b1BsYXlEdXJhdGlvbiI6ImF1dG8iLCJydGwiOiJhdXRvIiwiaW50ZXJhY3RpdmVDb3JuZXJzIjoiYXV0byIsIm1heERlcHRoIjoiYXV0byIsInNoZWV0Ijp7InN0YXJ0VmVsb2NpdHkiOiJhdXRvIiwid2F2ZSI6ImF1dG8iLCJzaGFwZSI6ImF1dG8iLCJ3aWR0aFRleGVscyI6ImF1dG8iLCJjb2xvciI6ImF1dG8iLCJzaWRlIjoiYXV0byIsImNvcm5lckRldmlhdGlvbiI6ImF1dG8iLCJmbGV4aWJpbGl0eSI6ImF1dG8iLCJmbGV4aWJsZUNvcm5lciI6ImF1dG8iLCJiZW5kaW5nIjoiYXV0byIsImhlaWdodFRleGVscyI6ImF1dG8ifSwiY292ZXIiOnsid2F2ZSI6ImF1dG8iLCJjb2xvciI6ImF1dG8iLCJzaWRlIjoiYXV0byIsImJpbmRlclRleHR1cmUiOiJhdXRvIiwiZGVwdGgiOiJhdXRvIiwicGFkZGluZyI6ImF1dG8iLCJzdGFydFZlbG9jaXR5IjoiYXV0byIsImZsZXhpYmlsaXR5IjoiYXV0byIsImZsZXhpYmxlQ29ybmVyIjoiYXV0byIsImJlbmRpbmciOiJhdXRvIiwid2lkdGhUZXhlbHMiOiJhdXRvIiwiaGVpZ2h0VGV4ZWxzIjoiYXV0byIsIm1hc3MiOiJhdXRvIiwic2hhcGUiOiJhdXRvIn0sInBhZ2UiOnsid2F2ZSI6ImF1dG8iLCJjb2xvciI6ImF1dG8iLCJzaWRlIjoiYXV0byIsImRlcHRoIjoiYXV0byIsInN0YXJ0VmVsb2NpdHkiOiJhdXRvIiwiZmxleGliaWxpdHkiOiJhdXRvIiwiZmxleGlibGVDb3JuZXIiOiJhdXRvIiwiYmVuZGluZyI6ImF1dG8iLCJ3aWR0aFRleGVscyI6ImF1dG8iLCJoZWlnaHRUZXhlbHMiOiJhdXRvIiwibWFzcyI6ImF1dG8iLCJzaGFwZSI6ImF1dG8ifSwiaGVpZ2h0IjoiYXV0byIsIndpZHRoIjoiYXV0byIsImdyYXZpdHkiOiJhdXRvIiwicGFnZXNGb3JQcmVkaWN0aW5nIjoiYXV0byJ9LCJjb250cm9sUHJvcHMiOnsiYWN0aW9ucyI6eyJjbWRUb2MiOnsiZW5hYmxlZCI6ImF1dG8iLCJlbmFibGVkSW5OYXJyb3ciOiJhdXRvIiwiYWN0aXZlIjoiYXV0byIsImRlZmF1bHRUYWIiOiJhdXRvIn0sImNtZEF1dG9QbGF5Ijp7ImVuYWJsZWQiOiJhdXRvIiwiZW5hYmxlZEluTmFycm93IjoiYXV0byIsImFjdGl2ZSI6ImF1dG8ifSwiY21kU2F2ZSI6eyJlbmFibGVkIjoiYXV0byIsImVuYWJsZWRJbk5hcnJvdyI6ImF1dG8ifSwiY21kUHJpbnQiOnsiZW5hYmxlZCI6ImF1dG8iLCJlbmFibGVkSW5OYXJyb3ciOiJhdXRvIn0sImNtZFNpbmdsZVBhZ2UiOnsiZW5hYmxlZCI6ImF1dG8iLCJlbmFibGVkSW5OYXJyb3ciOiJhdXRvIiwiYWN0aXZlIjoiYXV0byIsImFjdGl2ZUZvck1vYmlsZSI6ImF1dG8ifSwid2lkVG9vbGJhciI6eyJlbmFibGVkIjoiYXV0byIsImVuYWJsZWRJbk5hcnJvdyI6ImF1dG8ifX19LCJhdXRvVGh1bWJuYWlsIjoiaHR0cHM6XC9cL2VpcGRlZ3lwdC5jb21cL3dwLWNvbnRlbnRcL3VwbG9hZHNcLzNkLWZsaXAtYm9va1wvYXV0by10aHVtYm5haWxzXC81MzgxLnBuZyIsInBvc3RfbmFtZSI6ImxhLWNsZS1kZS1mcmFuY2Fpcy1jYWhpZXItZC1hY3Rpdml0ZXMtMSIsInBvc3RfdHlwZSI6IjNkLWZsaXAtYm9vayJ9fSwicGFnZXMiOnsiNTM4MSI6W3sicGFnZV9JRCI6IjM5ODkiLCJwYWdlX3Bvc3RfSUQiOiI1MzgxIiwicGFnZV90aXRsZSI6IiIsInBhZ2Vfc291cmNlX3R5cGUiOiJwZGYiLCJwYWdlX3NvdXJjZV9kYXRhIjp7Im51bWJlciI6IjAiLCJpbnRlcmFjdGl2ZSI6IjAifSwicGFnZV90aHVtYm5haWxfdHlwZSI6ImF1dG8iLCJwYWdlX3RodW1ibmFpbF9kYXRhIjp7InBvc3RfSUQiOiIwIn0sInBhZ2VfbWV0YV9kYXRhIjp7ImNzc19sYXllciI6eyJjc3MiOiIiLCJodG1sIjoiIiwianMiOiIifX0sInBhZ2VfbnVtYmVyIjoiMCJ9LHsicGFnZV9JRCI6IjM5OTAiLCJwYWdlX3Bvc3RfSUQiOiI1MzgxIiwicGFnZV90aXRsZSI6IiIsInBhZ2Vfc291cmNlX3R5cGUiOiJwZGYiLCJwYWdlX3NvdXJjZV9kYXRhIjp7Im51bWJlciI6IjEiLCJpbnRlcmFjdGl2ZSI6IjAifSwicGFnZV90aHVtYm5haWxfdHlwZSI6ImF1dG8iLCJwYWdlX3RodW1ibmFpbF9kYXRhIjp7InBvc3RfSUQiOiIwIn0sInBhZ2VfbWV0YV9kYXRhIjp7ImNzc19sYXllciI6eyJjc3MiOiIiLCJodG1sIjoiIiwianMiOiIifX0sInBhZ2VfbnVtYmVyIjoiMSJ9LHsicGFnZV9JRCI6IjM5OTEiLCJwYWdlX3Bvc3RfSUQiOiI1MzgxIiwicGFnZV90aXRsZSI6IiIsInBhZ2Vfc291cmNlX3R5cGUiOiJwZGYiLCJwYWdlX3NvdXJjZV9kYXRhIjp7Im51bWJlciI6IjIiLCJpbnRlcmFjdGl2ZSI6IjAifSwicGFnZV90aHVtYm5haWxfdHlwZSI6ImF1dG8iLCJwYWdlX3RodW1ibmFpbF9kYXRhIjp7InBvc3RfSUQiOiIwIn0sInBhZ2VfbWV0YV9kYXRhIjp7ImNzc19sYXllciI6eyJjc3MiOiIiLCJodG1sIjoiIiwianMiOiIifX0sInBhZ2VfbnVtYmVyIjoiMiJ9LHsicGFnZV9JRCI6IjM5OTIiLCJwYWdlX3Bvc3RfSUQiOiI1MzgxIiwicGFnZV90aXRsZSI6IiIsInBhZ2Vfc291cmNlX3R5cGUiOiJwZGYiLCJwYWdlX3NvdXJjZV9kYXRhIjp7Im51bWJlciI6IjMiLCJpbnRlcmFjdGl2ZSI6IjAifSwicGFnZV90aHVtYm5haWxfdHlwZSI6ImF1dG8iLCJwYWdlX3RodW1ibmFpbF9kYXRhIjp7InBvc3RfSUQiOiIwIn0sInBhZ2VfbWV0YV9kYXRhIjp7ImNzc19sYXllciI6eyJjc3MiOiIiLCJodG1sIjoiIiwianMiOiIifX0sInBhZ2VfbnVtYmVyIjoiMyJ9LHsicGFnZV9JRCI6IjM5OTMiLCJwYWdlX3Bvc3RfSUQiOiI1MzgxIiwicGFnZV90aXRsZSI6IiIsInBhZ2Vfc291cmNlX3R5cGUiOiJwZGYiLCJwYWdlX3NvdXJjZV9kYXRhIjp7Im51bWJlciI6IjQiLCJpbnRlcmFjdGl2ZSI6IjAifSwicGFnZV90aHVtYm5haWxfdHlwZSI6ImF1dG8iLCJwYWdlX3RodW1ibmFpbF9kYXRhIjp7InBvc3RfSUQiOiIwIn0sInBhZ2VfbWV0YV9kYXRhIjp7ImNzc19sYXllciI6eyJjc3MiOiIiLCJodG1sIjoiIiwianMiOiIifX0sInBhZ2VfbnVtYmVyIjoiNCJ9LHsicGFnZV9JRCI6IjM5OTQiLCJwYWdlX3Bvc3RfSUQiOiI1MzgxIiwicGFnZV90aXRsZSI6IiIsInBhZ2Vfc291cmNlX3R5cGUiOiJwZGYiLCJwYWdlX3NvdXJjZV9kYXRhIjp7Im51bWJlciI6IjUiLCJpbnRlcmFjdGl2ZSI6IjAifSwicGFnZV90aHVtYm5haWxfdHlwZSI6ImF1dG8iLCJwYWdlX3RodW1ibmFpbF9kYXRhIjp7InBvc3RfSUQiOiIwIn0sInBhZ2VfbWV0YV9kYXRhIjp7ImNzc19sYXllciI6eyJjc3MiOiIiLCJodG1sIjoiIiwianMiOiIifX0sInBhZ2VfbnVtYmVyIjoiNSJ9LHsicGFnZV9JRCI6IjM5OTUiLCJwYWdlX3Bvc3RfSUQiOiI1MzgxIiwicGFnZV90aXRsZSI6IiIsInBhZ2Vfc291cmNlX3R5cGUiOiJwZGYiLCJwYWdlX3NvdXJjZV9kYXRhIjp7Im51bWJlciI6IjYiLCJpbnRlcmFjdGl2ZSI6IjAifSwicGFnZV90aHVtYm5haWxfdHlwZSI6ImF1dG8iLCJwYWdlX3RodW1ibmFpbF9kYXRhIjp7InBvc3RfSUQiOiIwIn0sInBhZ2VfbWV0YV9kYXRhIjp7ImNzc19sYXllciI6eyJjc3MiOiIiLCJodG1sIjoiIiwianMiOiIifX0sInBhZ2VfbnVtYmVyIjoiNiJ9LHsicGFnZV9JRCI6IjM5OTYiLCJwYWdlX3Bvc3RfSUQiOiI1MzgxIiwicGFnZV90aXRsZSI6IiIsInBhZ2Vfc291cmNlX3R5cGUiOiJwZGYiLCJwYWdlX3NvdXJjZV9kYXRhIjp7Im51bWJlciI6IjciLCJpbnRlcmFjdGl2ZSI6IjAifSwicGFnZV90aHVtYm5haWxfdHlwZSI6ImF1dG8iLCJwYWdlX3RodW1ibmFpbF9kYXRhIjp7InBvc3RfSUQiOiIwIn0sInBhZ2VfbWV0YV9kYXRhIjp7ImNzc19sYXllciI6eyJjc3MiOiIiLCJodG1sIjoiIiwianMiOiIifX0sInBhZ2VfbnVtYmVyIjoiNyJ9LHsicGFnZV9JRCI6IjM5OTciLCJwYWdlX3Bvc3RfSUQiOiI1MzgxIiwicGFnZV90aXRsZSI6IiIsInBhZ2Vfc291cmNlX3R5cGUiOiJwZGYiLCJwYWdlX3NvdXJjZV9kYXRhIjp7Im51bWJlciI6IjgiLCJpbnRlcmFjdGl2ZSI6IjAifSwicGFnZV90aHVtYm5haWxfdHlwZSI6ImF1dG8iLCJwYWdlX3RodW1ibmFpbF9kYXRhIjp7InBvc3RfSUQiOiIwIn0sInBhZ2VfbWV0YV9kYXRhIjp7ImNzc19sYXllciI6eyJjc3MiOiIiLCJodG1sIjoiIiwianMiOiIifX0sInBhZ2VfbnVtYmVyIjoiOCJ9LHsicGFnZV9JRCI6IjM5OTgiLCJwYWdlX3Bvc3RfSUQiOiI1MzgxIiwicGFnZV90aXRsZSI6IiIsInBhZ2Vfc291cmNlX3R5cGUiOiJwZGYiLCJwYWdlX3NvdXJjZV9kYXRhIjp7Im51bWJlciI6IjkiLCJpbnRlcmFjdGl2ZSI6IjAifSwicGFnZV90aHVtYm5haWxfdHlwZSI6ImF1dG8iLCJwYWdlX3RodW1ibmFpbF9kYXRhIjp7InBvc3RfSUQiOiIwIn0sInBhZ2VfbWV0YV9kYXRhIjp7ImNzc19sYXllciI6eyJjc3MiOiIiLCJodG1sIjoiIiwianMiOiIifX0sInBhZ2VfbnVtYmVyIjoiOSJ9LHsicGFnZV9JRCI6IjM5OTkiLCJwYWdlX3Bvc3RfSUQiOiI1MzgxIiwicGFnZV90aXRsZSI6IiIsInBhZ2Vfc291cmNlX3R5cGUiOiJwZGYiLCJwYWdlX3NvdXJjZV9kYXRhIjp7Im51bWJlciI6IjEwIiwiaW50ZXJhY3RpdmUiOiIwIn0sInBhZ2VfdGh1bWJuYWlsX3R5cGUiOiJhdXRvIiwicGFnZV90aHVtYm5haWxfZGF0YSI6eyJwb3N0X0lEIjoiMCJ9LCJwYWdlX21ldGFfZGF0YSI6eyJjc3NfbGF5ZXIiOnsiY3NzIjoiIiwiaHRtbCI6IiIsImpzIjoiIn19LCJwYWdlX251bWJlciI6IjEwIn0seyJwYWdlX0lEIjoiNDAwMCIsInBhZ2VfcG9zdF9JRCI6IjUzODEiLCJwYWdlX3RpdGxlIjoiIiwicGFnZV9zb3VyY2VfdHlwZSI6InBkZiIsInBhZ2Vfc291cmNlX2RhdGEiOnsibnVtYmVyIjoiMTEiLCJpbnRlcmFjdGl2ZSI6IjAifSwicGFnZV90aHVtYm5haWxfdHlwZSI6ImF1dG8iLCJwYWdlX3RodW1ibmFpbF9kYXRhIjp7InBvc3RfSUQiOiIwIn0sInBhZ2VfbWV0YV9kYXRhIjp7ImNzc19sYXllciI6eyJjc3MiOiIiLCJodG1sIjoiIiwianMiOiIifX0sInBhZ2VfbnVtYmVyIjoiMTEifSx7InBhZ2VfSUQiOiI0MDAxIiwicGFnZV9wb3N0X0lEIjoiNTM4MSIsInBhZ2VfdGl0bGUiOiIiLCJwYWdlX3NvdXJjZV90eXBlIjoicGRmIiwicGFnZV9zb3VyY2VfZGF0YSI6eyJudW1iZXIiOiIxMiIsImludGVyYWN0aXZlIjoiMCJ9LCJwYWdlX3RodW1ibmFpbF90eXBlIjoiYXV0byIsInBhZ2VfdGh1bWJuYWlsX2RhdGEiOnsicG9zdF9JRCI6IjAifSwicGFnZV9tZXRhX2RhdGEiOnsiY3NzX2xheWVyIjp7ImNzcyI6IiIsImh0bWwiOiIiLCJqcyI6IiJ9fSwicGFnZV9udW1iZXIiOiIxMiJ9LHsicGFnZV9JRCI6IjQwMDIiLCJwYWdlX3Bvc3RfSUQiOiI1MzgxIiwicGFnZV90aXRsZSI6IiIsInBhZ2Vfc291cmNlX3R5cGUiOiJwZGYiLCJwYWdlX3NvdXJjZV9kYXRhIjp7Im51bWJlciI6IjEzIiwiaW50ZXJhY3RpdmUiOiIwIn0sInBhZ2VfdGh1bWJuYWlsX3R5cGUiOiJhdXRvIiwicGFnZV90aHVtYm5haWxfZGF0YSI6eyJwb3N0X0lEIjoiMCJ9LCJwYWdlX21ldGFfZGF0YSI6eyJjc3NfbGF5ZXIiOnsiY3NzIjoiIiwiaHRtbCI6IiIsImpzIjoiIn19LCJwYWdlX251bWJlciI6IjEzIn1dfSwiZmlyc3RQYWdlcyI6W119');window.FB3D_CLIENT_LOCALE && window.FB3D_CLIENT_LOCALE.render();<\/script>\n<p><strong>\u0644\u0627 \u0643\u0644\u064a\u0647 \u062f\u064a \u0641\u0631\u0627\u0646\u0633\u064a\u0647<\/strong> \u0647\u0648 \u0643\u062a\u0627\u0628 \u064a\u0642\u062f\u0645 \u0644\u0644\u062a\u0644\u0627\u0645\u064a\u0630 \u0637\u0631\u064a\u0642\u0629 \u0633\u0647\u0644\u0629 \u0648\u0628\u0633\u064a\u0637\u0629 \u0648\u0639\u0645\u0644\u064a\u0629 \u0644\u062a\u0639\u0644\u0645 \u0627\u0644\u0644\u063a\u0629 \u0627\u0644\u0641\u0631\u0646\u0633\u064a\u0629.<br \/>\n\u064a\u0639\u0631\u0636 \u0647\u0630\u0627 \u0627\u0644\u0643\u062a\u0627\u0628 \u0627\u0644\u0623\u0646\u0634\u0637\u0629 \u0648\u0627\u0644\u0645\u0641\u0631\u062f\u0627\u062a \u0648\u0627\u0644\u0642\u0648\u0627\u0639\u062f \u0627\u0644\u0644\u063a\u0648\u064a\u0629 \u0645\u0639 \u0634\u0631\u062d \u0648\u0627\u0636\u062d \u0648\u0645\u0646\u0638\u0645.<br \/>\n\u064a\u0633\u0627\u0639\u062f \u0647\u0630\u0627 \u0627\u0644\u0643\u062a\u064a\u0628 \u0639\u0644\u0649 \u0627\u0644\u062a\u0637\u0628\u064a\u0642 \u0627\u0644\u062c\u064a\u062f \u0644\u0644\u063a\u0629 \u0627\u0644\u0641\u0631\u0646\u0633\u064a\u0629 \u0648\u062a\u0637\u0628\u064a\u0642 \u0627\u0644\u0642\u0648\u0627\u0639\u062f \u0627\u0644\u0646\u062d\u0648\u064a\u0629 \u0645\u0646 \u062e\u0644\u0627\u0644 \u0627\u0644\u062a\u0645\u0627\u0631\u064a\u0646 \u0645\u0646 \u0623\u062c\u0644 \u062a\u0639\u0632\u064a\u0632 \u062a\u0639\u0644\u0645 \u0627\u0644\u0644\u063a\u0629 \u0627\u0644\u0641\u0631\u0646\u0633\u064a\u0629 \u0628\u0627\u0639\u062a\u0628\u0627\u0631\u0647\u0627 \u0644\u063a\u0629 \u0623\u062c\u0646\u0628\u064a\u0629 \u062d\u064a\u0629. \u0643\u062a\u0627\u0628 \"\u0644\u0627 \u0643\u0644\u064a\u0647\" \u0647\u0648 \u0633\u0644\u0633\u0644\u0629 \u0645\u0646 \u0627\u0644\u0643\u062a\u0628 \u0645\u0646 \u062e\u0645\u0633\u0629 \u0645\u0633\u062a\u0648\u064a\u0627\u062a.<br \/>\n<strong>\u0643\u0644 \u0645\u0633\u062a\u0648\u0649 \u0645\u0646 \u0627\u0644\u0645\u0633\u062a\u0648\u064a\u0627\u062a \u0627\u0644\u062a\u0627\u0644\u064a\u0629:<\/strong><br \/>\n- L'apprentississage efficace.<br \/>\n- \u0625\u062b\u0631\u0627\u0621 \u0627\u0644\u0645\u0641\u0631\u062f\u0627\u062a.<br \/>\n- La ma\u00eetrise de l'expression orale et \u00e9crite.<br \/>\n<strong>\u064a\u062d\u062a\u0648\u064a \u0643\u0644 \u0645\u0633\u062a\u0648\u0649:<\/strong><br \/>\n- Un livre<br \/>\n- Un cahier d'exercices.<br \/>\n- \u0642\u0631\u0635 \u0627\u0644\u0623\u0645\u0645 \u0627\u0644\u0645\u062a\u062d\u062f\u0629 \u0627\u0644\u0645\u0636\u063a\u0648\u0637<\/p>","protected":false},"excerpt":{"rendered":"<div class=\"_3d-flip-book  fb3d-fullscreen-mode full-size\" data-id=\"5381\" data-mode=\"fullscreen\" data-title=\"false\" data-template=\"short-white-book-view\" data-lightbox=\"dark-shadow\" data-urlparam=\"fb3d-page\" data-page-n=\"0\" data-pdf=\"\" data-tax=\"null\" data-thumbnail=\"\" data-cols=\"3\" data-book-template=\"default\"><\/div>\n<p><script type=\"text\/javascript\">window.FB3D_CLIENT_DATA = window.FB3D_CLIENT_DATA || [];window.FB3D_CLIENT_DATA.push('eyJwb3N0cyI6eyI1MzgxIjp7IklEIjo1MzgxLCJ0aXRsZSI6IkxBIENMXHUwMGM5IERFIEZSQU5cdTAwYzdBSVMgLSBDQUhJRVIgXHUwMTBlIEFDVElWSVRcdTAwYzlTIC0gMSIsInR5cGUiOiJwZGYiLCJyZWFkeV9mdW5jdGlvbiI6IiIsImJvb2tfc3R5bGUiOiJmbGF0IiwiYm9va190ZW1wbGF0ZSI6Im5vbmUiLCJvdXRsaW5lIjpbXSwiZGF0YSI6eyJwb3N0X0lEIjoiNjY3MCIsImd1aWQiOiJodHRwczpcL1wvZWlwZGVneXB0LmNvbVwvd3AtY29udGVudFwvdXBsb2Fkc1wvMjAyNFwvMDVcL0xhLUNsZS1kZS1GcmFuY2Fpcy0xLUNhaGllci1kLWFjdGl2aXRlcy1QREYtc2FtcGxlLU5ldy5wZGYiLCJwZGZfcGFnZXMiOiIxNCIsInBhZ2VzX2N1c3RvbWl6YXRpb24iOiJhbGwifSwidGh1bWJuYWlsIjp7ImRhdGEiOnsicG9zdF9JRCI6IjAifSwidHlwZSI6ImF1dG8ifSwicHJvcHMiOnsiYmFja2dyb3VuZENvbG9yIjoiYXV0byIsImJhY2tncm91bmRJbWFnZSI6ImF1dG8iLCJiYWNrZ3JvdW5kU3R5bGUiOiJhdXRvIiwiaGlnaGxpZ2h0TGlua3MiOiJhdXRvIiwibGlnaHRpbmciOiJhdXRvIiwiY2FjaGVkUGFnZXMiOiJhdXRvIiwicmVuZGVySW5hY3RpdmVQYWdlcyI6ImF1dG8iLCJyZW5kZXJJbmFjdGl2ZVBhZ2VzT25Nb2JpbGUiOiJhdXRvIiwicmVuZGVyV2hpbGVGbGlwcGluZyI6ImF1dG8iLCJwcmVsb2FkUGFnZXMiOiJhdXRvIiwiYXV0b1BsYXlEdXJhdGlvbiI6ImF1dG8iLCJydGwiOiJhdXRvIiwiaW50ZXJhY3RpdmVDb3JuZXJzIjoiYXV0byIsIm1heERlcHRoIjoiYXV0byIsInNoZWV0Ijp7InN0YXJ0VmVsb2NpdHkiOiJhdXRvIiwid2F2ZSI6ImF1dG8iLCJzaGFwZSI6ImF1dG8iLCJ3aWR0aFRleGVscyI6ImF1dG8iLCJjb2xvciI6ImF1dG8iLCJzaWRlIjoiYXV0byIsImNvcm5lckRldmlhdGlvbiI6ImF1dG8iLCJmbGV4aWJpbGl0eSI6ImF1dG8iLCJmbGV4aWJsZUNvcm5lciI6ImF1dG8iLCJiZW5kaW5nIjoiYXV0byIsImhlaWdodFRleGVscyI6ImF1dG8ifSwiY292ZXIiOnsid2F2ZSI6ImF1dG8iLCJjb2xvciI6ImF1dG8iLCJzaWRlIjoiYXV0byIsImJpbmRlclRleHR1cmUiOiJhdXRvIiwiZGVwdGgiOiJhdXRvIiwicGFkZGluZyI6ImF1dG8iLCJzdGFydFZlbG9jaXR5IjoiYXV0byIsImZsZXhpYmlsaXR5IjoiYXV0byIsImZsZXhpYmxlQ29ybmVyIjoiYXV0byIsImJlbmRpbmciOiJhdXRvIiwid2lkdGhUZXhlbHMiOiJhdXRvIiwiaGVpZ2h0VGV4ZWxzIjoiYXV0byIsIm1hc3MiOiJhdXRvIiwic2hhcGUiOiJhdXRvIn0sInBhZ2UiOnsid2F2ZSI6ImF1dG8iLCJjb2xvciI6ImF1dG8iLCJzaWRlIjoiYXV0byIsImRlcHRoIjoiYXV0byIsInN0YXJ0VmVsb2NpdHkiOiJhdXRvIiwiZmxleGliaWxpdHkiOiJhdXRvIiwiZmxleGlibGVDb3JuZXIiOiJhdXRvIiwiYmVuZGluZyI6ImF1dG8iLCJ3aWR0aFRleGVscyI6ImF1dG8iLCJoZWlnaHRUZXhlbHMiOiJhdXRvIiwibWFzcyI6ImF1dG8iLCJzaGFwZSI6ImF1dG8ifSwiaGVpZ2h0IjoiYXV0byIsIndpZHRoIjoiYXV0byIsImdyYXZpdHkiOiJhdXRvIiwicGFnZXNGb3JQcmVkaWN0aW5nIjoiYXV0byJ9LCJjb250cm9sUHJvcHMiOnsiYWN0aW9ucyI6eyJjbWRUb2MiOnsiZW5hYmxlZCI6ImF1dG8iLCJlbmFibGVkSW5OYXJyb3ciOiJhdXRvIiwiYWN0aXZlIjoiYXV0byIsImRlZmF1bHRUYWIiOiJhdXRvIn0sImNtZEF1dG9QbGF5Ijp7ImVuYWJsZWQiOiJhdXRvIiwiZW5hYmxlZEluTmFycm93IjoiYXV0byIsImFjdGl2ZSI6ImF1dG8ifSwiY21kU2F2ZSI6eyJlbmFibGVkIjoiYXV0byIsImVuYWJsZWRJbk5hcnJvdyI6ImF1dG8ifSwiY21kUHJpbnQiOnsiZW5hYmxlZCI6ImF1dG8iLCJlbmFibGVkSW5OYXJyb3ciOiJhdXRvIn0sImNtZFNpbmdsZVBhZ2UiOnsiZW5hYmxlZCI6ImF1dG8iLCJlbmFibGVkSW5OYXJyb3ciOiJhdXRvIiwiYWN0aXZlIjoiYXV0byIsImFjdGl2ZUZvck1vYmlsZSI6ImF1dG8ifSwid2lkVG9vbGJhciI6eyJlbmFibGVkIjoiYXV0byIsImVuYWJsZWRJbk5hcnJvdyI6ImF1dG8ifX19LCJhdXRvVGh1bWJuYWlsIjoiaHR0cHM6XC9cL2VpcGRlZ3lwdC5jb21cL3dwLWNvbnRlbnRcL3VwbG9hZHNcLzNkLWZsaXAtYm9va1wvYXV0by10aHVtYm5haWxzXC81MzgxLnBuZyIsInBvc3RfbmFtZSI6ImxhLWNsZS1kZS1mcmFuY2Fpcy1jYWhpZXItZC1hY3Rpdml0ZXMtMSIsInBvc3RfdHlwZSI6IjNkLWZsaXAtYm9vayJ9fSwicGFnZXMiOnsiNTM4MSI6W3sicGFnZV9JRCI6IjM5ODkiLCJwYWdlX3Bvc3RfSUQiOiI1MzgxIiwicGFnZV90aXRsZSI6IiIsInBhZ2Vfc291cmNlX3R5cGUiOiJwZGYiLCJwYWdlX3NvdXJjZV9kYXRhIjp7Im51bWJlciI6IjAiLCJpbnRlcmFjdGl2ZSI6IjAifSwicGFnZV90aHVtYm5haWxfdHlwZSI6ImF1dG8iLCJwYWdlX3RodW1ibmFpbF9kYXRhIjp7InBvc3RfSUQiOiIwIn0sInBhZ2VfbWV0YV9kYXRhIjp7ImNzc19sYXllciI6eyJjc3MiOiIiLCJodG1sIjoiIiwianMiOiIifX0sInBhZ2VfbnVtYmVyIjoiMCJ9LHsicGFnZV9JRCI6IjM5OTAiLCJwYWdlX3Bvc3RfSUQiOiI1MzgxIiwicGFnZV90aXRsZSI6IiIsInBhZ2Vfc291cmNlX3R5cGUiOiJwZGYiLCJwYWdlX3NvdXJjZV9kYXRhIjp7Im51bWJlciI6IjEiLCJpbnRlcmFjdGl2ZSI6IjAifSwicGFnZV90aHVtYm5haWxfdHlwZSI6ImF1dG8iLCJwYWdlX3RodW1ibmFpbF9kYXRhIjp7InBvc3RfSUQiOiIwIn0sInBhZ2VfbWV0YV9kYXRhIjp7ImNzc19sYXllciI6eyJjc3MiOiIiLCJodG1sIjoiIiwianMiOiIifX0sInBhZ2VfbnVtYmVyIjoiMSJ9LHsicGFnZV9JRCI6IjM5OTEiLCJwYWdlX3Bvc3RfSUQiOiI1MzgxIiwicGFnZV90aXRsZSI6IiIsInBhZ2Vfc291cmNlX3R5cGUiOiJwZGYiLCJwYWdlX3NvdXJjZV9kYXRhIjp7Im51bWJlciI6IjIiLCJpbnRlcmFjdGl2ZSI6IjAifSwicGFnZV90aHVtYm5haWxfdHlwZSI6ImF1dG8iLCJwYWdlX3RodW1ibmFpbF9kYXRhIjp7InBvc3RfSUQiOiIwIn0sInBhZ2VfbWV0YV9kYXRhIjp7ImNzc19sYXllciI6eyJjc3MiOiIiLCJodG1sIjoiIiwianMiOiIifX0sInBhZ2VfbnVtYmVyIjoiMiJ9LHsicGFnZV9JRCI6IjM5OTIiLCJwYWdlX3Bvc3RfSUQiOiI1MzgxIiwicGFnZV90aXRsZSI6IiIsInBhZ2Vfc291cmNlX3R5cGUiOiJwZGYiLCJwYWdlX3NvdXJjZV9kYXRhIjp7Im51bWJlciI6IjMiLCJpbnRlcmFjdGl2ZSI6IjAifSwicGFnZV90aHVtYm5haWxfdHlwZSI6ImF1dG8iLCJwYWdlX3RodW1ibmFpbF9kYXRhIjp7InBvc3RfSUQiOiIwIn0sInBhZ2VfbWV0YV9kYXRhIjp7ImNzc19sYXllciI6eyJjc3MiOiIiLCJodG1sIjoiIiwianMiOiIifX0sInBhZ2VfbnVtYmVyIjoiMyJ9LHsicGFnZV9JRCI6IjM5OTMiLCJwYWdlX3Bvc3RfSUQiOiI1MzgxIiwicGFnZV90aXRsZSI6IiIsInBhZ2Vfc291cmNlX3R5cGUiOiJwZGYiLCJwYWdlX3NvdXJjZV9kYXRhIjp7Im51bWJlciI6IjQiLCJpbnRlcmFjdGl2ZSI6IjAifSwicGFnZV90aHVtYm5haWxfdHlwZSI6ImF1dG8iLCJwYWdlX3RodW1ibmFpbF9kYXRhIjp7InBvc3RfSUQiOiIwIn0sInBhZ2VfbWV0YV9kYXRhIjp7ImNzc19sYXllciI6eyJjc3MiOiIiLCJodG1sIjoiIiwianMiOiIifX0sInBhZ2VfbnVtYmVyIjoiNCJ9LHsicGFnZV9JRCI6IjM5OTQiLCJwYWdlX3Bvc3RfSUQiOiI1MzgxIiwicGFnZV90aXRsZSI6IiIsInBhZ2Vfc291cmNlX3R5cGUiOiJwZGYiLCJwYWdlX3NvdXJjZV9kYXRhIjp7Im51bWJlciI6IjUiLCJpbnRlcmFjdGl2ZSI6IjAifSwicGFnZV90aHVtYm5haWxfdHlwZSI6ImF1dG8iLCJwYWdlX3RodW1ibmFpbF9kYXRhIjp7InBvc3RfSUQiOiIwIn0sInBhZ2VfbWV0YV9kYXRhIjp7ImNzc19sYXllciI6eyJjc3MiOiIiLCJodG1sIjoiIiwianMiOiIifX0sInBhZ2VfbnVtYmVyIjoiNSJ9LHsicGFnZV9JRCI6IjM5OTUiLCJwYWdlX3Bvc3RfSUQiOiI1MzgxIiwicGFnZV90aXRsZSI6IiIsInBhZ2Vfc291cmNlX3R5cGUiOiJwZGYiLCJwYWdlX3NvdXJjZV9kYXRhIjp7Im51bWJlciI6IjYiLCJpbnRlcmFjdGl2ZSI6IjAifSwicGFnZV90aHVtYm5haWxfdHlwZSI6ImF1dG8iLCJwYWdlX3RodW1ibmFpbF9kYXRhIjp7InBvc3RfSUQiOiIwIn0sInBhZ2VfbWV0YV9kYXRhIjp7ImNzc19sYXllciI6eyJjc3MiOiIiLCJodG1sIjoiIiwianMiOiIifX0sInBhZ2VfbnVtYmVyIjoiNiJ9LHsicGFnZV9JRCI6IjM5OTYiLCJwYWdlX3Bvc3RfSUQiOiI1MzgxIiwicGFnZV90aXRsZSI6IiIsInBhZ2Vfc291cmNlX3R5cGUiOiJwZGYiLCJwYWdlX3NvdXJjZV9kYXRhIjp7Im51bWJlciI6IjciLCJpbnRlcmFjdGl2ZSI6IjAifSwicGFnZV90aHVtYm5haWxfdHlwZSI6ImF1dG8iLCJwYWdlX3RodW1ibmFpbF9kYXRhIjp7InBvc3RfSUQiOiIwIn0sInBhZ2VfbWV0YV9kYXRhIjp7ImNzc19sYXllciI6eyJjc3MiOiIiLCJodG1sIjoiIiwianMiOiIifX0sInBhZ2VfbnVtYmVyIjoiNyJ9LHsicGFnZV9JRCI6IjM5OTciLCJwYWdlX3Bvc3RfSUQiOiI1MzgxIiwicGFnZV90aXRsZSI6IiIsInBhZ2Vfc291cmNlX3R5cGUiOiJwZGYiLCJwYWdlX3NvdXJjZV9kYXRhIjp7Im51bWJlciI6IjgiLCJpbnRlcmFjdGl2ZSI6IjAifSwicGFnZV90aHVtYm5haWxfdHlwZSI6ImF1dG8iLCJwYWdlX3RodW1ibmFpbF9kYXRhIjp7InBvc3RfSUQiOiIwIn0sInBhZ2VfbWV0YV9kYXRhIjp7ImNzc19sYXllciI6eyJjc3MiOiIiLCJodG1sIjoiIiwianMiOiIifX0sInBhZ2VfbnVtYmVyIjoiOCJ9LHsicGFnZV9JRCI6IjM5OTgiLCJwYWdlX3Bvc3RfSUQiOiI1MzgxIiwicGFnZV90aXRsZSI6IiIsInBhZ2Vfc291cmNlX3R5cGUiOiJwZGYiLCJwYWdlX3NvdXJjZV9kYXRhIjp7Im51bWJlciI6IjkiLCJpbnRlcmFjdGl2ZSI6IjAifSwicGFnZV90aHVtYm5haWxfdHlwZSI6ImF1dG8iLCJwYWdlX3RodW1ibmFpbF9kYXRhIjp7InBvc3RfSUQiOiIwIn0sInBhZ2VfbWV0YV9kYXRhIjp7ImNzc19sYXllciI6eyJjc3MiOiIiLCJodG1sIjoiIiwianMiOiIifX0sInBhZ2VfbnVtYmVyIjoiOSJ9LHsicGFnZV9JRCI6IjM5OTkiLCJwYWdlX3Bvc3RfSUQiOiI1MzgxIiwicGFnZV90aXRsZSI6IiIsInBhZ2Vfc291cmNlX3R5cGUiOiJwZGYiLCJwYWdlX3NvdXJjZV9kYXRhIjp7Im51bWJlciI6IjEwIiwiaW50ZXJhY3RpdmUiOiIwIn0sInBhZ2VfdGh1bWJuYWlsX3R5cGUiOiJhdXRvIiwicGFnZV90aHVtYm5haWxfZGF0YSI6eyJwb3N0X0lEIjoiMCJ9LCJwYWdlX21ldGFfZGF0YSI6eyJjc3NfbGF5ZXIiOnsiY3NzIjoiIiwiaHRtbCI6IiIsImpzIjoiIn19LCJwYWdlX251bWJlciI6IjEwIn0seyJwYWdlX0lEIjoiNDAwMCIsInBhZ2VfcG9zdF9JRCI6IjUzODEiLCJwYWdlX3RpdGxlIjoiIiwicGFnZV9zb3VyY2VfdHlwZSI6InBkZiIsInBhZ2Vfc291cmNlX2RhdGEiOnsibnVtYmVyIjoiMTEiLCJpbnRlcmFjdGl2ZSI6IjAifSwicGFnZV90aHVtYm5haWxfdHlwZSI6ImF1dG8iLCJwYWdlX3RodW1ibmFpbF9kYXRhIjp7InBvc3RfSUQiOiIwIn0sInBhZ2VfbWV0YV9kYXRhIjp7ImNzc19sYXllciI6eyJjc3MiOiIiLCJodG1sIjoiIiwianMiOiIifX0sInBhZ2VfbnVtYmVyIjoiMTEifSx7InBhZ2VfSUQiOiI0MDAxIiwicGFnZV9wb3N0X0lEIjoiNTM4MSIsInBhZ2VfdGl0bGUiOiIiLCJwYWdlX3NvdXJjZV90eXBlIjoicGRmIiwicGFnZV9zb3VyY2VfZGF0YSI6eyJudW1iZXIiOiIxMiIsImludGVyYWN0aXZlIjoiMCJ9LCJwYWdlX3RodW1ibmFpbF90eXBlIjoiYXV0byIsInBhZ2VfdGh1bWJuYWlsX2RhdGEiOnsicG9zdF9JRCI6IjAifSwicGFnZV9tZXRhX2RhdGEiOnsiY3NzX2xheWVyIjp7ImNzcyI6IiIsImh0bWwiOiIiLCJqcyI6IiJ9fSwicGFnZV9udW1iZXIiOiIxMiJ9LHsicGFnZV9JRCI6IjQwMDIiLCJwYWdlX3Bvc3RfSUQiOiI1MzgxIiwicGFnZV90aXRsZSI6IiIsInBhZ2Vfc291cmNlX3R5cGUiOiJwZGYiLCJwYWdlX3NvdXJjZV9kYXRhIjp7Im51bWJlciI6IjEzIiwiaW50ZXJhY3RpdmUiOiIwIn0sInBhZ2VfdGh1bWJuYWlsX3R5cGUiOiJhdXRvIiwicGFnZV90aHVtYm5haWxfZGF0YSI6eyJwb3N0X0lEIjoiMCJ9LCJwYWdlX21ldGFfZGF0YSI6eyJjc3NfbGF5ZXIiOnsiY3NzIjoiIiwiaHRtbCI6IiIsImpzIjoiIn19LCJwYWdlX251bWJlciI6IjEzIn1dfSwiZmlyc3RQYWdlcyI6W119');window.FB3D_CLIENT_LOCALE &#038;& window.FB3D_CLIENT_LOCALE.render();<\/script><\/p>","protected":false},"featured_media":5517,"comment_status":"open","ping_status":"closed","template":"","meta":{"content-type":"","passster_activate_protection":false,"passster_protect_child_pages":"","passster_protection_type":"password","passster_password":"","passster_activate_overwrite_defaults":"","passster_headline":"","passster_instruction":"","passster_placeholder":"","passster_button":"","passster_id":"","passster_activate_misc_settings":"","passster_redirect_url":"","passster_hide":"no","passster_area_shortcode":""},"product_cat":[227,202],"product_tag":[],"class_list":{"0":"post-5699","1":"product","2":"type-product","3":"status-publish","4":"has-post-thumbnail","6":"product_cat-language-teaching","7":"product_cat-french","9":"first","10":"instock","11":"sold-individually","12":"shipping-taxable","13":"purchasable","14":"product-type-variable"},"_links":{"self":[{"href":"https:\/\/eipdegypt.com\/ar\/wp-json\/wp\/v2\/product\/5699","targetHints":{"allow":["GET"]}}],"collection":[{"href":"https:\/\/eipdegypt.com\/ar\/wp-json\/wp\/v2\/product"}],"about":[{"href":"https:\/\/eipdegypt.com\/ar\/wp-json\/wp\/v2\/types\/product"}],"replies":[{"embeddable":true,"href":"https:\/\/eipdegypt.com\/ar\/wp-json\/wp\/v2\/comments?post=5699"}],"wp:featuredmedia":[{"embeddable":true,"href":"https:\/\/eipdegypt.com\/ar\/wp-json\/wp\/v2\/media\/5517"}],"wp:attachment":[{"href":"https:\/\/eipdegypt.com\/ar\/wp-json\/wp\/v2\/media?parent=5699"}],"wp:term":[{"taxonomy":"product_cat","embeddable":true,"href":"https:\/\/eipdegypt.com\/ar\/wp-json\/wp\/v2\/product_cat?post=5699"},{"taxonomy":"product_tag","embeddable":true,"href":"https:\/\/eipdegypt.com\/ar\/wp-json\/wp\/v2\/product_tag?post=5699"}],"curies":[{"name":"wp","href":"https:\/\/api.w.org\/{rel}","templated":true}]}}