{"id":5711,"date":"2024-05-08T11:22:59","date_gmt":"2024-05-08T11:22:59","guid":{"rendered":"https:\/\/eipdegypt.com\/?post_type=product&#038;p=5711"},"modified":"2024-12-16T11:35:57","modified_gmt":"2024-12-16T11:35:57","slug":"jardin-de-francais-liver-de-l-eleve-e","status":"publish","type":"product","link":"https:\/\/eipdegypt.com\/ar\/product\/jardin-de-francais-liver-de-l-eleve-e\/","title":{"rendered":"\u062c\u0627\u0631\u062f\u0627\u0646 \u062f\u064a \u0641\u0631\u0627\u0646\u0633\u064a\u0647 (\u0647\u0640) (\u0643\u0628\u062f \u062f\u064a \u013e \u00e9l\u00e8ve)"},"content":{"rendered":"<div class=\"_3d-flip-book  fb3d-hidden-mode\" data-id=\"5379\" data-mode=\"hidden\" data-title=\"false\" data-template=\"short-white-book-view\" data-lightbox=\"dark-shadow\" data-urlparam=\"fb3d-page\" data-page-n=\"0\" data-pdf=\"\" data-tax=\"null\" data-thumbnail=\"\" data-cols=\"3\" data-book-template=\"default\"><\/div><script type=\"text\/javascript\">window.FB3D_CLIENT_DATA = window.FB3D_CLIENT_DATA || [];window.FB3D_CLIENT_DATA.push('eyJwb3N0cyI6eyI1Mzc5Ijp7IklEIjo1Mzc5LCJ0aXRsZSI6IkpBUkRJTiBERSBGUkFOXHUwMGM3QUlTIC0gTElWRVIgREUgXHUwMTNkIFx1MDBjOUxcdTAwYzhWRSAtIEUiLCJ0eXBlIjoicGRmIiwicmVhZHlfZnVuY3Rpb24iOiIiLCJib29rX3N0eWxlIjoiZmxhdCIsImJvb2tfdGVtcGxhdGUiOiJub25lIiwib3V0bGluZSI6W10sImRhdGEiOnsicG9zdF9JRCI6IjY2OTkiLCJndWlkIjoiaHR0cHM6XC9cL2VpcGRlZ3lwdC5jb21cL3dwLWNvbnRlbnRcL3VwbG9hZHNcLzIwMjRcLzA1XC9KYXJkaW4tZGUtRnJhbmNhaXMtRS1MaXZyZS1kZS1sLWVsZXZlLVBERi1zYW1wbGUtTmV3LnBkZiIsInBkZl9wYWdlcyI6IjEwIiwicGFnZXNfY3VzdG9taXphdGlvbiI6ImFsbCJ9LCJ0aHVtYm5haWwiOnsiZGF0YSI6eyJwb3N0X0lEIjoiMCJ9LCJ0eXBlIjoiYXV0byJ9LCJwcm9wcyI6eyJiYWNrZ3JvdW5kQ29sb3IiOiJhdXRvIiwiYmFja2dyb3VuZEltYWdlIjoiYXV0byIsImJhY2tncm91bmRTdHlsZSI6ImF1dG8iLCJoaWdobGlnaHRMaW5rcyI6ImF1dG8iLCJsaWdodGluZyI6ImF1dG8iLCJjYWNoZWRQYWdlcyI6ImF1dG8iLCJyZW5kZXJJbmFjdGl2ZVBhZ2VzIjoiYXV0byIsInJlbmRlckluYWN0aXZlUGFnZXNPbk1vYmlsZSI6ImF1dG8iLCJyZW5kZXJXaGlsZUZsaXBwaW5nIjoiYXV0byIsInByZWxvYWRQYWdlcyI6ImF1dG8iLCJhdXRvUGxheUR1cmF0aW9uIjoiYXV0byIsInJ0bCI6ImF1dG8iLCJpbnRlcmFjdGl2ZUNvcm5lcnMiOiJhdXRvIiwibWF4RGVwdGgiOiJhdXRvIiwic2hlZXQiOnsic3RhcnRWZWxvY2l0eSI6ImF1dG8iLCJ3YXZlIjoiYXV0byIsInNoYXBlIjoiYXV0byIsIndpZHRoVGV4ZWxzIjoiYXV0byIsImNvbG9yIjoiYXV0byIsInNpZGUiOiJhdXRvIiwiY29ybmVyRGV2aWF0aW9uIjoiYXV0byIsImZsZXhpYmlsaXR5IjoiYXV0byIsImZsZXhpYmxlQ29ybmVyIjoiYXV0byIsImJlbmRpbmciOiJhdXRvIiwiaGVpZ2h0VGV4ZWxzIjoiYXV0byJ9LCJjb3ZlciI6eyJ3YXZlIjoiYXV0byIsImNvbG9yIjoiYXV0byIsInNpZGUiOiJhdXRvIiwiYmluZGVyVGV4dHVyZSI6ImF1dG8iLCJkZXB0aCI6ImF1dG8iLCJwYWRkaW5nIjoiYXV0byIsInN0YXJ0VmVsb2NpdHkiOiJhdXRvIiwiZmxleGliaWxpdHkiOiJhdXRvIiwiZmxleGlibGVDb3JuZXIiOiJhdXRvIiwiYmVuZGluZyI6ImF1dG8iLCJ3aWR0aFRleGVscyI6ImF1dG8iLCJoZWlnaHRUZXhlbHMiOiJhdXRvIiwibWFzcyI6ImF1dG8iLCJzaGFwZSI6ImF1dG8ifSwicGFnZSI6eyJ3YXZlIjoiYXV0byIsImNvbG9yIjoiYXV0byIsInNpZGUiOiJhdXRvIiwiZGVwdGgiOiJhdXRvIiwic3RhcnRWZWxvY2l0eSI6ImF1dG8iLCJmbGV4aWJpbGl0eSI6ImF1dG8iLCJmbGV4aWJsZUNvcm5lciI6ImF1dG8iLCJiZW5kaW5nIjoiYXV0byIsIndpZHRoVGV4ZWxzIjoiYXV0byIsImhlaWdodFRleGVscyI6ImF1dG8iLCJtYXNzIjoiYXV0byIsInNoYXBlIjoiYXV0byJ9LCJoZWlnaHQiOiJhdXRvIiwid2lkdGgiOiJhdXRvIiwiZ3Jhdml0eSI6ImF1dG8iLCJwYWdlc0ZvclByZWRpY3RpbmciOiJhdXRvIn0sImNvbnRyb2xQcm9wcyI6eyJhY3Rpb25zIjp7ImNtZFRvYyI6eyJlbmFibGVkIjoiYXV0byIsImVuYWJsZWRJbk5hcnJvdyI6ImF1dG8iLCJhY3RpdmUiOiJhdXRvIiwiZGVmYXVsdFRhYiI6ImF1dG8ifSwiY21kQXV0b1BsYXkiOnsiZW5hYmxlZCI6ImF1dG8iLCJlbmFibGVkSW5OYXJyb3ciOiJhdXRvIiwiYWN0aXZlIjoiYXV0byJ9LCJjbWRTYXZlIjp7ImVuYWJsZWQiOiJhdXRvIiwiZW5hYmxlZEluTmFycm93IjoiYXV0byJ9LCJjbWRQcmludCI6eyJlbmFibGVkIjoiYXV0byIsImVuYWJsZWRJbk5hcnJvdyI6ImF1dG8ifSwiY21kU2luZ2xlUGFnZSI6eyJlbmFibGVkIjoiYXV0byIsImVuYWJsZWRJbk5hcnJvdyI6ImF1dG8iLCJhY3RpdmUiOiJhdXRvIiwiYWN0aXZlRm9yTW9iaWxlIjoiYXV0byJ9LCJ3aWRUb29sYmFyIjp7ImVuYWJsZWQiOiJhdXRvIiwiZW5hYmxlZEluTmFycm93IjoiYXV0byJ9fX0sImF1dG9UaHVtYm5haWwiOiJodHRwczpcL1wvZWlwZGVneXB0LmNvbVwvd3AtY29udGVudFwvdXBsb2Fkc1wvM2QtZmxpcC1ib29rXC9hdXRvLXRodW1ibmFpbHNcLzUzNzkucG5nIiwicG9zdF9uYW1lIjoiamFyZGluLWRlLWZyYW5jYWlzLWxpdmVyLWRlLWwtZWxldmUtZSIsInBvc3RfdHlwZSI6IjNkLWZsaXAtYm9vayJ9fSwicGFnZXMiOnsiNTM3OSI6W3sicGFnZV9JRCI6IjM5NjciLCJwYWdlX3Bvc3RfSUQiOiI1Mzc5IiwicGFnZV90aXRsZSI6IiIsInBhZ2Vfc291cmNlX3R5cGUiOiJwZGYiLCJwYWdlX3NvdXJjZV9kYXRhIjp7Im51bWJlciI6IjAiLCJpbnRlcmFjdGl2ZSI6IjAifSwicGFnZV90aHVtYm5haWxfdHlwZSI6ImF1dG8iLCJwYWdlX3RodW1ibmFpbF9kYXRhIjp7InBvc3RfSUQiOiIwIn0sInBhZ2VfbWV0YV9kYXRhIjp7ImNzc19sYXllciI6eyJjc3MiOiIiLCJodG1sIjoiIiwianMiOiIifX0sInBhZ2VfbnVtYmVyIjoiMCJ9LHsicGFnZV9JRCI6IjM5NjgiLCJwYWdlX3Bvc3RfSUQiOiI1Mzc5IiwicGFnZV90aXRsZSI6IiIsInBhZ2Vfc291cmNlX3R5cGUiOiJwZGYiLCJwYWdlX3NvdXJjZV9kYXRhIjp7Im51bWJlciI6IjEiLCJpbnRlcmFjdGl2ZSI6IjAifSwicGFnZV90aHVtYm5haWxfdHlwZSI6ImF1dG8iLCJwYWdlX3RodW1ibmFpbF9kYXRhIjp7InBvc3RfSUQiOiIwIn0sInBhZ2VfbWV0YV9kYXRhIjp7ImNzc19sYXllciI6eyJjc3MiOiIiLCJodG1sIjoiIiwianMiOiIifX0sInBhZ2VfbnVtYmVyIjoiMSJ9LHsicGFnZV9JRCI6IjM5NjkiLCJwYWdlX3Bvc3RfSUQiOiI1Mzc5IiwicGFnZV90aXRsZSI6IiIsInBhZ2Vfc291cmNlX3R5cGUiOiJwZGYiLCJwYWdlX3NvdXJjZV9kYXRhIjp7Im51bWJlciI6IjIiLCJpbnRlcmFjdGl2ZSI6IjAifSwicGFnZV90aHVtYm5haWxfdHlwZSI6ImF1dG8iLCJwYWdlX3RodW1ibmFpbF9kYXRhIjp7InBvc3RfSUQiOiIwIn0sInBhZ2VfbWV0YV9kYXRhIjp7ImNzc19sYXllciI6eyJjc3MiOiIiLCJodG1sIjoiIiwianMiOiIifX0sInBhZ2VfbnVtYmVyIjoiMiJ9LHsicGFnZV9JRCI6IjM5NzAiLCJwYWdlX3Bvc3RfSUQiOiI1Mzc5IiwicGFnZV90aXRsZSI6IiIsInBhZ2Vfc291cmNlX3R5cGUiOiJwZGYiLCJwYWdlX3NvdXJjZV9kYXRhIjp7Im51bWJlciI6IjMiLCJpbnRlcmFjdGl2ZSI6IjAifSwicGFnZV90aHVtYm5haWxfdHlwZSI6ImF1dG8iLCJwYWdlX3RodW1ibmFpbF9kYXRhIjp7InBvc3RfSUQiOiIwIn0sInBhZ2VfbWV0YV9kYXRhIjp7ImNzc19sYXllciI6eyJjc3MiOiIiLCJodG1sIjoiIiwianMiOiIifX0sInBhZ2VfbnVtYmVyIjoiMyJ9LHsicGFnZV9JRCI6IjM5NzEiLCJwYWdlX3Bvc3RfSUQiOiI1Mzc5IiwicGFnZV90aXRsZSI6IiIsInBhZ2Vfc291cmNlX3R5cGUiOiJwZGYiLCJwYWdlX3NvdXJjZV9kYXRhIjp7Im51bWJlciI6IjQiLCJpbnRlcmFjdGl2ZSI6IjAifSwicGFnZV90aHVtYm5haWxfdHlwZSI6ImF1dG8iLCJwYWdlX3RodW1ibmFpbF9kYXRhIjp7InBvc3RfSUQiOiIwIn0sInBhZ2VfbWV0YV9kYXRhIjp7ImNzc19sYXllciI6eyJjc3MiOiIiLCJodG1sIjoiIiwianMiOiIifX0sInBhZ2VfbnVtYmVyIjoiNCJ9LHsicGFnZV9JRCI6IjM5NzIiLCJwYWdlX3Bvc3RfSUQiOiI1Mzc5IiwicGFnZV90aXRsZSI6IiIsInBhZ2Vfc291cmNlX3R5cGUiOiJwZGYiLCJwYWdlX3NvdXJjZV9kYXRhIjp7Im51bWJlciI6IjUiLCJpbnRlcmFjdGl2ZSI6IjAifSwicGFnZV90aHVtYm5haWxfdHlwZSI6ImF1dG8iLCJwYWdlX3RodW1ibmFpbF9kYXRhIjp7InBvc3RfSUQiOiIwIn0sInBhZ2VfbWV0YV9kYXRhIjp7ImNzc19sYXllciI6eyJjc3MiOiIiLCJodG1sIjoiIiwianMiOiIifX0sInBhZ2VfbnVtYmVyIjoiNSJ9LHsicGFnZV9JRCI6IjM5NzMiLCJwYWdlX3Bvc3RfSUQiOiI1Mzc5IiwicGFnZV90aXRsZSI6IiIsInBhZ2Vfc291cmNlX3R5cGUiOiJwZGYiLCJwYWdlX3NvdXJjZV9kYXRhIjp7Im51bWJlciI6IjYiLCJpbnRlcmFjdGl2ZSI6IjAifSwicGFnZV90aHVtYm5haWxfdHlwZSI6ImF1dG8iLCJwYWdlX3RodW1ibmFpbF9kYXRhIjp7InBvc3RfSUQiOiIwIn0sInBhZ2VfbWV0YV9kYXRhIjp7ImNzc19sYXllciI6eyJjc3MiOiIiLCJodG1sIjoiIiwianMiOiIifX0sInBhZ2VfbnVtYmVyIjoiNiJ9LHsicGFnZV9JRCI6IjM5NzQiLCJwYWdlX3Bvc3RfSUQiOiI1Mzc5IiwicGFnZV90aXRsZSI6IiIsInBhZ2Vfc291cmNlX3R5cGUiOiJwZGYiLCJwYWdlX3NvdXJjZV9kYXRhIjp7Im51bWJlciI6IjciLCJpbnRlcmFjdGl2ZSI6IjAifSwicGFnZV90aHVtYm5haWxfdHlwZSI6ImF1dG8iLCJwYWdlX3RodW1ibmFpbF9kYXRhIjp7InBvc3RfSUQiOiIwIn0sInBhZ2VfbWV0YV9kYXRhIjp7ImNzc19sYXllciI6eyJjc3MiOiIiLCJodG1sIjoiIiwianMiOiIifX0sInBhZ2VfbnVtYmVyIjoiNyJ9LHsicGFnZV9JRCI6IjM5NzUiLCJwYWdlX3Bvc3RfSUQiOiI1Mzc5IiwicGFnZV90aXRsZSI6IiIsInBhZ2Vfc291cmNlX3R5cGUiOiJwZGYiLCJwYWdlX3NvdXJjZV9kYXRhIjp7Im51bWJlciI6IjgiLCJpbnRlcmFjdGl2ZSI6IjAifSwicGFnZV90aHVtYm5haWxfdHlwZSI6ImF1dG8iLCJwYWdlX3RodW1ibmFpbF9kYXRhIjp7InBvc3RfSUQiOiIwIn0sInBhZ2VfbWV0YV9kYXRhIjp7ImNzc19sYXllciI6eyJjc3MiOiIiLCJodG1sIjoiIiwianMiOiIifX0sInBhZ2VfbnVtYmVyIjoiOCJ9LHsicGFnZV9JRCI6IjM5NzYiLCJwYWdlX3Bvc3RfSUQiOiI1Mzc5IiwicGFnZV90aXRsZSI6IiIsInBhZ2Vfc291cmNlX3R5cGUiOiJwZGYiLCJwYWdlX3NvdXJjZV9kYXRhIjp7Im51bWJlciI6IjkiLCJpbnRlcmFjdGl2ZSI6IjAifSwicGFnZV90aHVtYm5haWxfdHlwZSI6ImF1dG8iLCJwYWdlX3RodW1ibmFpbF9kYXRhIjp7InBvc3RfSUQiOiIwIn0sInBhZ2VfbWV0YV9kYXRhIjp7ImNzc19sYXllciI6eyJjc3MiOiIiLCJodG1sIjoiIiwianMiOiIifX0sInBhZ2VfbnVtYmVyIjoiOSJ9XX0sImZpcnN0UGFnZXMiOltdfQ==');window.FB3D_CLIENT_LOCALE && window.FB3D_CLIENT_LOCALE.render();<\/script>\n<p><strong>\u062c\u0627\u0631\u062f\u0627\u0646 \u062f\u064a \u0641\u0631\u0627\u0646\u0633\u064a\u0647<\/strong><\/p>\n<ul>\n<li>\u0625\u0646\u0647\u0627 \u0645\u0642\u0627\u0644\u0629 \u062c\u062f\u064a\u062f\u0629 \u0644\u062a\u0639\u0644\u064a\u0645 \u0627\u0644\u0644\u063a\u0629 \u0627\u0644\u0641\u0631\u0646\u0633\u064a\u0629 \u0641\u064a \u062d\u064a\u0627\u0629 \u0637\u0641\u0644\u0646\u0627 \u0645\u0646\u0630 \u0633\u0646\u0648\u0627\u062a\u0647 \u0627\u0644\u0623\u0648\u0644\u0649.<\/li>\n<li>\u064a\u0647\u062f\u0641 \u0647\u0630\u0627 \u0627\u0644\u0643\u062a\u0627\u0628 \u0627\u0644\u0630\u064a \u064a\u062d\u062a\u0648\u064a \u0639\u0644\u0649 6 \u0645\u0633\u062a\u0648\u064a\u0627\u062a \u0625\u0644\u0649 \u0645\u0633\u0627\u0639\u062f\u0629 \u0627\u0644\u062a\u0644\u0645\u064a\u0630 \u0639\u0644\u0649 \u0627\u0644\u062a\u0639\u0631\u0641 \u0639\u0644\u0649 \u0645\u062d\u064a\u0637\u0647 - \u0628\u0627\u0644\u0644\u063a\u0629 \u0627\u0644\u0641\u0631\u0646\u0633\u064a\u0629 -: \u0627\u0644\u0645\u062f\u0631\u0633\u0629\u060c \u0627\u0644\u0645\u0646\u0632\u0644\u060c \u0627\u0644\u0645\u0637\u0628\u062e\u060c \u0627\u0644\u0645\u0637\u0628\u062e\u060c \u0627\u0644\u063a\u0631\u0641\u0629\u060c \u0627\u0644\u0645\u0644\u0627\u0628\u0633\u060c ...<\/li>\n<li>\u064a\u062d\u062a\u0648\u064a \u0643\u0644 \u0643\u062a\u0627\u0628 \u0639\u0644\u0649 \u0645\u0639\u062c\u0645 \u0635\u063a\u064a\u0631 \u064a\u062d\u062a\u0648\u064a \u0639\u0644\u0649 \u0643\u062a\u0627\u0628 \u0635\u063a\u064a\u0631 \u0648\u0644\u0643\u0646\u0647 \u064a\u062b\u0631\u064a \u0627\u0644\u0645\u0641\u0631\u062f\u0627\u062a \u0627\u0644\u0645\u0643\u062a\u0633\u0628\u0629 \u062e\u0644\u0627\u0644 \u0627\u0644\u0639\u0627\u0645.<\/li>\n<li>\u062a\u062a\u064a\u062d \u0627\u0644\u0631\u0633\u0648\u0645\u0627\u062a \u0648\u0627\u0644\u0631\u0633\u0648\u0645 \u0627\u0644\u062a\u0648\u0636\u064a\u062d\u064a\u0629 \u0644\u0644\u0634\u062e\u0635\u064a\u0627\u062a \u0645\u0646 \u062e\u0644\u0627\u0644 \u0623\u0644\u0648\u0627\u0646\u0647\u0627 \u0627\u0644\u0645\u0644\u0641\u062a\u0629 \u0644\u0644\u0646\u0638\u0631 \u0644\u0644\u0637\u0627\u0644\u0628 \u0623\u0646 \u064a\u0642\u064a\u0651\u0645 \u0627\u0644\u0639\u0627\u0644\u0645 \u0628\u0631\u0624\u064a\u0629 \u0645\u062e\u062a\u0644\u0641\u0629 \u062a\u0645\u0627\u0645\u064b\u0627.<\/li>\n<li>\u0643\u0644 \u0645\u0633\u062a\u0648\u0649 \u062f\u0631\u0627\u0633\u064a \u0645\u0635\u062d\u0648\u0628 \u0628\u0645\u062c\u0645\u0648\u0639\u0629 \u0645\u0646 \u0627\u0644\u0623\u0646\u0634\u0637\u0629 \u0627\u0644\u062a\u064a \u062a\u0644\u0639\u0628 \u062f\u0648\u0631\u064b\u0627 \u0641\u064a \u062a\u0633\u0647\u064a\u0644 \u062a\u0639\u0644\u0645 \u062c\u0645\u064a\u0639 \u0627\u0644\u0643\u0644\u0645\u0627\u062a \u0627\u0644\u0645\u0636\u0627\u0641\u0629 \u0648\u062a\u062c\u062f\u064a\u062f \u0627\u0644\u0639\u0644\u0627\u0642\u0629 \u0628\u064a\u0646 \u0627\u0644\u062a\u0644\u0645\u064a\u0630 \u0648\u0627\u0644\u0644\u063a\u0629 \u0627\u0644\u0641\u0631\u0646\u0633\u064a\u0629.<\/li>\n<\/ul>\n<p><strong>\u064a\u062d\u062a\u0648\u064a \u0643\u0644 \u0645\u0633\u062a\u0648\u0649:<\/strong><\/p>\n<ul>\n<li>Livre de l' \u00e9l\u00e8ve.<\/li>\n<li>Cahier d' activit\u00e9s.<\/li>\n<li>\u062f\u0644\u064a\u0644 \u0627\u0644\u0645\u0639\u0644\u0645.<\/li>\n<\/ul>","protected":false},"excerpt":{"rendered":"<div class=\"_3d-flip-book  fb3d-fullscreen-mode full-size\" data-id=\"5379\" data-mode=\"fullscreen\" data-title=\"false\" data-template=\"short-white-book-view\" data-lightbox=\"dark-shadow\" data-urlparam=\"fb3d-page\" data-page-n=\"0\" data-pdf=\"\" data-tax=\"null\" data-thumbnail=\"\" data-cols=\"3\" data-book-template=\"default\"><\/div>\n<p><script type=\"text\/javascript\">window.FB3D_CLIENT_DATA = window.FB3D_CLIENT_DATA || [];window.FB3D_CLIENT_DATA.push('eyJwb3N0cyI6eyI1Mzc5Ijp7IklEIjo1Mzc5LCJ0aXRsZSI6IkpBUkRJTiBERSBGUkFOXHUwMGM3QUlTIC0gTElWRVIgREUgXHUwMTNkIFx1MDBjOUxcdTAwYzhWRSAtIEUiLCJ0eXBlIjoicGRmIiwicmVhZHlfZnVuY3Rpb24iOiIiLCJib29rX3N0eWxlIjoiZmxhdCIsImJvb2tfdGVtcGxhdGUiOiJub25lIiwib3V0bGluZSI6W10sImRhdGEiOnsicG9zdF9JRCI6IjY2OTkiLCJndWlkIjoiaHR0cHM6XC9cL2VpcGRlZ3lwdC5jb21cL3dwLWNvbnRlbnRcL3VwbG9hZHNcLzIwMjRcLzA1XC9KYXJkaW4tZGUtRnJhbmNhaXMtRS1MaXZyZS1kZS1sLWVsZXZlLVBERi1zYW1wbGUtTmV3LnBkZiIsInBkZl9wYWdlcyI6IjEwIiwicGFnZXNfY3VzdG9taXphdGlvbiI6ImFsbCJ9LCJ0aHVtYm5haWwiOnsiZGF0YSI6eyJwb3N0X0lEIjoiMCJ9LCJ0eXBlIjoiYXV0byJ9LCJwcm9wcyI6eyJiYWNrZ3JvdW5kQ29sb3IiOiJhdXRvIiwiYmFja2dyb3VuZEltYWdlIjoiYXV0byIsImJhY2tncm91bmRTdHlsZSI6ImF1dG8iLCJoaWdobGlnaHRMaW5rcyI6ImF1dG8iLCJsaWdodGluZyI6ImF1dG8iLCJjYWNoZWRQYWdlcyI6ImF1dG8iLCJyZW5kZXJJbmFjdGl2ZVBhZ2VzIjoiYXV0byIsInJlbmRlckluYWN0aXZlUGFnZXNPbk1vYmlsZSI6ImF1dG8iLCJyZW5kZXJXaGlsZUZsaXBwaW5nIjoiYXV0byIsInByZWxvYWRQYWdlcyI6ImF1dG8iLCJhdXRvUGxheUR1cmF0aW9uIjoiYXV0byIsInJ0bCI6ImF1dG8iLCJpbnRlcmFjdGl2ZUNvcm5lcnMiOiJhdXRvIiwibWF4RGVwdGgiOiJhdXRvIiwic2hlZXQiOnsic3RhcnRWZWxvY2l0eSI6ImF1dG8iLCJ3YXZlIjoiYXV0byIsInNoYXBlIjoiYXV0byIsIndpZHRoVGV4ZWxzIjoiYXV0byIsImNvbG9yIjoiYXV0byIsInNpZGUiOiJhdXRvIiwiY29ybmVyRGV2aWF0aW9uIjoiYXV0byIsImZsZXhpYmlsaXR5IjoiYXV0byIsImZsZXhpYmxlQ29ybmVyIjoiYXV0byIsImJlbmRpbmciOiJhdXRvIiwiaGVpZ2h0VGV4ZWxzIjoiYXV0byJ9LCJjb3ZlciI6eyJ3YXZlIjoiYXV0byIsImNvbG9yIjoiYXV0byIsInNpZGUiOiJhdXRvIiwiYmluZGVyVGV4dHVyZSI6ImF1dG8iLCJkZXB0aCI6ImF1dG8iLCJwYWRkaW5nIjoiYXV0byIsInN0YXJ0VmVsb2NpdHkiOiJhdXRvIiwiZmxleGliaWxpdHkiOiJhdXRvIiwiZmxleGlibGVDb3JuZXIiOiJhdXRvIiwiYmVuZGluZyI6ImF1dG8iLCJ3aWR0aFRleGVscyI6ImF1dG8iLCJoZWlnaHRUZXhlbHMiOiJhdXRvIiwibWFzcyI6ImF1dG8iLCJzaGFwZSI6ImF1dG8ifSwicGFnZSI6eyJ3YXZlIjoiYXV0byIsImNvbG9yIjoiYXV0byIsInNpZGUiOiJhdXRvIiwiZGVwdGgiOiJhdXRvIiwic3RhcnRWZWxvY2l0eSI6ImF1dG8iLCJmbGV4aWJpbGl0eSI6ImF1dG8iLCJmbGV4aWJsZUNvcm5lciI6ImF1dG8iLCJiZW5kaW5nIjoiYXV0byIsIndpZHRoVGV4ZWxzIjoiYXV0byIsImhlaWdodFRleGVscyI6ImF1dG8iLCJtYXNzIjoiYXV0byIsInNoYXBlIjoiYXV0byJ9LCJoZWlnaHQiOiJhdXRvIiwid2lkdGgiOiJhdXRvIiwiZ3Jhdml0eSI6ImF1dG8iLCJwYWdlc0ZvclByZWRpY3RpbmciOiJhdXRvIn0sImNvbnRyb2xQcm9wcyI6eyJhY3Rpb25zIjp7ImNtZFRvYyI6eyJlbmFibGVkIjoiYXV0byIsImVuYWJsZWRJbk5hcnJvdyI6ImF1dG8iLCJhY3RpdmUiOiJhdXRvIiwiZGVmYXVsdFRhYiI6ImF1dG8ifSwiY21kQXV0b1BsYXkiOnsiZW5hYmxlZCI6ImF1dG8iLCJlbmFibGVkSW5OYXJyb3ciOiJhdXRvIiwiYWN0aXZlIjoiYXV0byJ9LCJjbWRTYXZlIjp7ImVuYWJsZWQiOiJhdXRvIiwiZW5hYmxlZEluTmFycm93IjoiYXV0byJ9LCJjbWRQcmludCI6eyJlbmFibGVkIjoiYXV0byIsImVuYWJsZWRJbk5hcnJvdyI6ImF1dG8ifSwiY21kU2luZ2xlUGFnZSI6eyJlbmFibGVkIjoiYXV0byIsImVuYWJsZWRJbk5hcnJvdyI6ImF1dG8iLCJhY3RpdmUiOiJhdXRvIiwiYWN0aXZlRm9yTW9iaWxlIjoiYXV0byJ9LCJ3aWRUb29sYmFyIjp7ImVuYWJsZWQiOiJhdXRvIiwiZW5hYmxlZEluTmFycm93IjoiYXV0byJ9fX0sImF1dG9UaHVtYm5haWwiOiJodHRwczpcL1wvZWlwZGVneXB0LmNvbVwvd3AtY29udGVudFwvdXBsb2Fkc1wvM2QtZmxpcC1ib29rXC9hdXRvLXRodW1ibmFpbHNcLzUzNzkucG5nIiwicG9zdF9uYW1lIjoiamFyZGluLWRlLWZyYW5jYWlzLWxpdmVyLWRlLWwtZWxldmUtZSIsInBvc3RfdHlwZSI6IjNkLWZsaXAtYm9vayJ9fSwicGFnZXMiOnsiNTM3OSI6W3sicGFnZV9JRCI6IjM5NjciLCJwYWdlX3Bvc3RfSUQiOiI1Mzc5IiwicGFnZV90aXRsZSI6IiIsInBhZ2Vfc291cmNlX3R5cGUiOiJwZGYiLCJwYWdlX3NvdXJjZV9kYXRhIjp7Im51bWJlciI6IjAiLCJpbnRlcmFjdGl2ZSI6IjAifSwicGFnZV90aHVtYm5haWxfdHlwZSI6ImF1dG8iLCJwYWdlX3RodW1ibmFpbF9kYXRhIjp7InBvc3RfSUQiOiIwIn0sInBhZ2VfbWV0YV9kYXRhIjp7ImNzc19sYXllciI6eyJjc3MiOiIiLCJodG1sIjoiIiwianMiOiIifX0sInBhZ2VfbnVtYmVyIjoiMCJ9LHsicGFnZV9JRCI6IjM5NjgiLCJwYWdlX3Bvc3RfSUQiOiI1Mzc5IiwicGFnZV90aXRsZSI6IiIsInBhZ2Vfc291cmNlX3R5cGUiOiJwZGYiLCJwYWdlX3NvdXJjZV9kYXRhIjp7Im51bWJlciI6IjEiLCJpbnRlcmFjdGl2ZSI6IjAifSwicGFnZV90aHVtYm5haWxfdHlwZSI6ImF1dG8iLCJwYWdlX3RodW1ibmFpbF9kYXRhIjp7InBvc3RfSUQiOiIwIn0sInBhZ2VfbWV0YV9kYXRhIjp7ImNzc19sYXllciI6eyJjc3MiOiIiLCJodG1sIjoiIiwianMiOiIifX0sInBhZ2VfbnVtYmVyIjoiMSJ9LHsicGFnZV9JRCI6IjM5NjkiLCJwYWdlX3Bvc3RfSUQiOiI1Mzc5IiwicGFnZV90aXRsZSI6IiIsInBhZ2Vfc291cmNlX3R5cGUiOiJwZGYiLCJwYWdlX3NvdXJjZV9kYXRhIjp7Im51bWJlciI6IjIiLCJpbnRlcmFjdGl2ZSI6IjAifSwicGFnZV90aHVtYm5haWxfdHlwZSI6ImF1dG8iLCJwYWdlX3RodW1ibmFpbF9kYXRhIjp7InBvc3RfSUQiOiIwIn0sInBhZ2VfbWV0YV9kYXRhIjp7ImNzc19sYXllciI6eyJjc3MiOiIiLCJodG1sIjoiIiwianMiOiIifX0sInBhZ2VfbnVtYmVyIjoiMiJ9LHsicGFnZV9JRCI6IjM5NzAiLCJwYWdlX3Bvc3RfSUQiOiI1Mzc5IiwicGFnZV90aXRsZSI6IiIsInBhZ2Vfc291cmNlX3R5cGUiOiJwZGYiLCJwYWdlX3NvdXJjZV9kYXRhIjp7Im51bWJlciI6IjMiLCJpbnRlcmFjdGl2ZSI6IjAifSwicGFnZV90aHVtYm5haWxfdHlwZSI6ImF1dG8iLCJwYWdlX3RodW1ibmFpbF9kYXRhIjp7InBvc3RfSUQiOiIwIn0sInBhZ2VfbWV0YV9kYXRhIjp7ImNzc19sYXllciI6eyJjc3MiOiIiLCJodG1sIjoiIiwianMiOiIifX0sInBhZ2VfbnVtYmVyIjoiMyJ9LHsicGFnZV9JRCI6IjM5NzEiLCJwYWdlX3Bvc3RfSUQiOiI1Mzc5IiwicGFnZV90aXRsZSI6IiIsInBhZ2Vfc291cmNlX3R5cGUiOiJwZGYiLCJwYWdlX3NvdXJjZV9kYXRhIjp7Im51bWJlciI6IjQiLCJpbnRlcmFjdGl2ZSI6IjAifSwicGFnZV90aHVtYm5haWxfdHlwZSI6ImF1dG8iLCJwYWdlX3RodW1ibmFpbF9kYXRhIjp7InBvc3RfSUQiOiIwIn0sInBhZ2VfbWV0YV9kYXRhIjp7ImNzc19sYXllciI6eyJjc3MiOiIiLCJodG1sIjoiIiwianMiOiIifX0sInBhZ2VfbnVtYmVyIjoiNCJ9LHsicGFnZV9JRCI6IjM5NzIiLCJwYWdlX3Bvc3RfSUQiOiI1Mzc5IiwicGFnZV90aXRsZSI6IiIsInBhZ2Vfc291cmNlX3R5cGUiOiJwZGYiLCJwYWdlX3NvdXJjZV9kYXRhIjp7Im51bWJlciI6IjUiLCJpbnRlcmFjdGl2ZSI6IjAifSwicGFnZV90aHVtYm5haWxfdHlwZSI6ImF1dG8iLCJwYWdlX3RodW1ibmFpbF9kYXRhIjp7InBvc3RfSUQiOiIwIn0sInBhZ2VfbWV0YV9kYXRhIjp7ImNzc19sYXllciI6eyJjc3MiOiIiLCJodG1sIjoiIiwianMiOiIifX0sInBhZ2VfbnVtYmVyIjoiNSJ9LHsicGFnZV9JRCI6IjM5NzMiLCJwYWdlX3Bvc3RfSUQiOiI1Mzc5IiwicGFnZV90aXRsZSI6IiIsInBhZ2Vfc291cmNlX3R5cGUiOiJwZGYiLCJwYWdlX3NvdXJjZV9kYXRhIjp7Im51bWJlciI6IjYiLCJpbnRlcmFjdGl2ZSI6IjAifSwicGFnZV90aHVtYm5haWxfdHlwZSI6ImF1dG8iLCJwYWdlX3RodW1ibmFpbF9kYXRhIjp7InBvc3RfSUQiOiIwIn0sInBhZ2VfbWV0YV9kYXRhIjp7ImNzc19sYXllciI6eyJjc3MiOiIiLCJodG1sIjoiIiwianMiOiIifX0sInBhZ2VfbnVtYmVyIjoiNiJ9LHsicGFnZV9JRCI6IjM5NzQiLCJwYWdlX3Bvc3RfSUQiOiI1Mzc5IiwicGFnZV90aXRsZSI6IiIsInBhZ2Vfc291cmNlX3R5cGUiOiJwZGYiLCJwYWdlX3NvdXJjZV9kYXRhIjp7Im51bWJlciI6IjciLCJpbnRlcmFjdGl2ZSI6IjAifSwicGFnZV90aHVtYm5haWxfdHlwZSI6ImF1dG8iLCJwYWdlX3RodW1ibmFpbF9kYXRhIjp7InBvc3RfSUQiOiIwIn0sInBhZ2VfbWV0YV9kYXRhIjp7ImNzc19sYXllciI6eyJjc3MiOiIiLCJodG1sIjoiIiwianMiOiIifX0sInBhZ2VfbnVtYmVyIjoiNyJ9LHsicGFnZV9JRCI6IjM5NzUiLCJwYWdlX3Bvc3RfSUQiOiI1Mzc5IiwicGFnZV90aXRsZSI6IiIsInBhZ2Vfc291cmNlX3R5cGUiOiJwZGYiLCJwYWdlX3NvdXJjZV9kYXRhIjp7Im51bWJlciI6IjgiLCJpbnRlcmFjdGl2ZSI6IjAifSwicGFnZV90aHVtYm5haWxfdHlwZSI6ImF1dG8iLCJwYWdlX3RodW1ibmFpbF9kYXRhIjp7InBvc3RfSUQiOiIwIn0sInBhZ2VfbWV0YV9kYXRhIjp7ImNzc19sYXllciI6eyJjc3MiOiIiLCJodG1sIjoiIiwianMiOiIifX0sInBhZ2VfbnVtYmVyIjoiOCJ9LHsicGFnZV9JRCI6IjM5NzYiLCJwYWdlX3Bvc3RfSUQiOiI1Mzc5IiwicGFnZV90aXRsZSI6IiIsInBhZ2Vfc291cmNlX3R5cGUiOiJwZGYiLCJwYWdlX3NvdXJjZV9kYXRhIjp7Im51bWJlciI6IjkiLCJpbnRlcmFjdGl2ZSI6IjAifSwicGFnZV90aHVtYm5haWxfdHlwZSI6ImF1dG8iLCJwYWdlX3RodW1ibmFpbF9kYXRhIjp7InBvc3RfSUQiOiIwIn0sInBhZ2VfbWV0YV9kYXRhIjp7ImNzc19sYXllciI6eyJjc3MiOiIiLCJodG1sIjoiIiwianMiOiIifX0sInBhZ2VfbnVtYmVyIjoiOSJ9XX0sImZpcnN0UGFnZXMiOltdfQ==');window.FB3D_CLIENT_LOCALE &#038;& window.FB3D_CLIENT_LOCALE.render();<\/script><\/p>","protected":false},"featured_media":5529,"comment_status":"open","ping_status":"closed","template":"","meta":{"content-type":"","passster_activate_protection":false,"passster_protect_child_pages":"","passster_protection_type":"password","passster_password":"","passster_activate_overwrite_defaults":"","passster_headline":"","passster_instruction":"","passster_placeholder":"","passster_button":"","passster_id":"","passster_activate_misc_settings":"","passster_redirect_url":"","passster_hide":"no","passster_area_shortcode":""},"product_cat":[227,202],"product_tag":[],"class_list":{"0":"post-5711","1":"product","2":"type-product","3":"status-publish","4":"has-post-thumbnail","6":"product_cat-language-teaching","7":"product_cat-french","9":"first","10":"instock","11":"sold-individually","12":"shipping-taxable","13":"purchasable","14":"product-type-variable"},"_links":{"self":[{"href":"https:\/\/eipdegypt.com\/ar\/wp-json\/wp\/v2\/product\/5711","targetHints":{"allow":["GET"]}}],"collection":[{"href":"https:\/\/eipdegypt.com\/ar\/wp-json\/wp\/v2\/product"}],"about":[{"href":"https:\/\/eipdegypt.com\/ar\/wp-json\/wp\/v2\/types\/product"}],"replies":[{"embeddable":true,"href":"https:\/\/eipdegypt.com\/ar\/wp-json\/wp\/v2\/comments?post=5711"}],"wp:featuredmedia":[{"embeddable":true,"href":"https:\/\/eipdegypt.com\/ar\/wp-json\/wp\/v2\/media\/5529"}],"wp:attachment":[{"href":"https:\/\/eipdegypt.com\/ar\/wp-json\/wp\/v2\/media?parent=5711"}],"wp:term":[{"taxonomy":"product_cat","embeddable":true,"href":"https:\/\/eipdegypt.com\/ar\/wp-json\/wp\/v2\/product_cat?post=5711"},{"taxonomy":"product_tag","embeddable":true,"href":"https:\/\/eipdegypt.com\/ar\/wp-json\/wp\/v2\/product_tag?post=5711"}],"curies":[{"name":"wp","href":"https:\/\/api.w.org\/{rel}","templated":true}]}}