{"id":6441,"date":"2024-05-19T11:45:49","date_gmt":"2024-05-19T11:45:49","guid":{"rendered":"https:\/\/eipdegypt.com\/?post_type=product&#038;p=6441"},"modified":"2024-12-15T10:04:10","modified_gmt":"2024-12-15T10:04:10","slug":"meine-biene-1-arbeitsbuch","status":"publish","type":"product","link":"https:\/\/eipdegypt.com\/ar\/product\/meine-biene-1-arbeitsbuch\/","title":{"rendered":"\u0645\u0627\u064a\u0646 \u0628\u064a\u0646\u064a (1) (Arbeitsbuch)"},"content":{"rendered":"<div class=\"_3d-flip-book  fb3d-hidden-mode\" data-id=\"5984\" data-mode=\"hidden\" data-title=\"false\" data-template=\"short-white-book-view\" data-lightbox=\"dark-shadow\" data-urlparam=\"fb3d-page\" data-page-n=\"0\" data-pdf=\"\" data-tax=\"null\" data-thumbnail=\"\" data-cols=\"3\" data-book-template=\"default\"><\/div><script type=\"text\/javascript\">window.FB3D_CLIENT_DATA = window.FB3D_CLIENT_DATA || [];window.FB3D_CLIENT_DATA.push('eyJwb3N0cyI6eyI1OTg0Ijp7IklEIjo1OTg0LCJ0aXRsZSI6Ik1laW5lIEJpZW5lICgxKSAoQXJiZWl0c2J1Y2gpIiwidHlwZSI6InBkZiIsInJlYWR5X2Z1bmN0aW9uIjoiIiwiYm9va19zdHlsZSI6ImZsYXQiLCJib29rX3RlbXBsYXRlIjoibm9uZSIsIm91dGxpbmUiOltdLCJkYXRhIjp7InBvc3RfSUQiOiI2Nzg0IiwiZ3VpZCI6Imh0dHBzOlwvXC9laXBkZWd5cHQuY29tXC93cC1jb250ZW50XC91cGxvYWRzXC8yMDI0XC8wNVwvTWVpbmUtQmllbmUtMUFyYmVpdHNidWNoUERGLVNhbXBsZS1OZXcucGRmIiwicGRmX3BhZ2VzIjoiOCIsInBhZ2VzX2N1c3RvbWl6YXRpb24iOiJhbGwifSwidGh1bWJuYWlsIjp7ImRhdGEiOnsicG9zdF9JRCI6IjAifSwidHlwZSI6ImF1dG8ifSwicHJvcHMiOnsiYmFja2dyb3VuZENvbG9yIjoiYXV0byIsImJhY2tncm91bmRJbWFnZSI6ImF1dG8iLCJiYWNrZ3JvdW5kU3R5bGUiOiJhdXRvIiwiaGlnaGxpZ2h0TGlua3MiOiJhdXRvIiwibGlnaHRpbmciOiJhdXRvIiwiY2FjaGVkUGFnZXMiOiJhdXRvIiwicmVuZGVySW5hY3RpdmVQYWdlcyI6ImF1dG8iLCJyZW5kZXJJbmFjdGl2ZVBhZ2VzT25Nb2JpbGUiOiJhdXRvIiwicmVuZGVyV2hpbGVGbGlwcGluZyI6ImF1dG8iLCJwcmVsb2FkUGFnZXMiOiJhdXRvIiwiYXV0b1BsYXlEdXJhdGlvbiI6ImF1dG8iLCJydGwiOiJhdXRvIiwiaW50ZXJhY3RpdmVDb3JuZXJzIjoiYXV0byIsIm1heERlcHRoIjoiYXV0byIsInNoZWV0Ijp7InN0YXJ0VmVsb2NpdHkiOiJhdXRvIiwid2F2ZSI6ImF1dG8iLCJzaGFwZSI6ImF1dG8iLCJ3aWR0aFRleGVscyI6ImF1dG8iLCJjb2xvciI6ImF1dG8iLCJzaWRlIjoiYXV0byIsImNvcm5lckRldmlhdGlvbiI6ImF1dG8iLCJmbGV4aWJpbGl0eSI6ImF1dG8iLCJmbGV4aWJsZUNvcm5lciI6ImF1dG8iLCJiZW5kaW5nIjoiYXV0byIsImhlaWdodFRleGVscyI6ImF1dG8ifSwiY292ZXIiOnsid2F2ZSI6ImF1dG8iLCJjb2xvciI6ImF1dG8iLCJzaWRlIjoiYXV0byIsImJpbmRlclRleHR1cmUiOiJhdXRvIiwiZGVwdGgiOiJhdXRvIiwicGFkZGluZyI6ImF1dG8iLCJzdGFydFZlbG9jaXR5IjoiYXV0byIsImZsZXhpYmlsaXR5IjoiYXV0byIsImZsZXhpYmxlQ29ybmVyIjoiYXV0byIsImJlbmRpbmciOiJhdXRvIiwid2lkdGhUZXhlbHMiOiJhdXRvIiwiaGVpZ2h0VGV4ZWxzIjoiYXV0byIsIm1hc3MiOiJhdXRvIiwic2hhcGUiOiJhdXRvIn0sInBhZ2UiOnsid2F2ZSI6ImF1dG8iLCJjb2xvciI6ImF1dG8iLCJzaWRlIjoiYXV0byIsImRlcHRoIjoiYXV0byIsInN0YXJ0VmVsb2NpdHkiOiJhdXRvIiwiZmxleGliaWxpdHkiOiJhdXRvIiwiZmxleGlibGVDb3JuZXIiOiJhdXRvIiwiYmVuZGluZyI6ImF1dG8iLCJ3aWR0aFRleGVscyI6ImF1dG8iLCJoZWlnaHRUZXhlbHMiOiJhdXRvIiwibWFzcyI6ImF1dG8iLCJzaGFwZSI6ImF1dG8ifSwiaGVpZ2h0IjoiYXV0byIsIndpZHRoIjoiYXV0byIsImdyYXZpdHkiOiJhdXRvIiwicGFnZXNGb3JQcmVkaWN0aW5nIjoiYXV0byJ9LCJjb250cm9sUHJvcHMiOnsiYWN0aW9ucyI6eyJjbWRUb2MiOnsiZW5hYmxlZCI6ImF1dG8iLCJlbmFibGVkSW5OYXJyb3ciOiJhdXRvIiwiYWN0aXZlIjoiYXV0byIsImRlZmF1bHRUYWIiOiJhdXRvIn0sImNtZEF1dG9QbGF5Ijp7ImVuYWJsZWQiOiJhdXRvIiwiZW5hYmxlZEluTmFycm93IjoiYXV0byIsImFjdGl2ZSI6ImF1dG8ifSwiY21kU2F2ZSI6eyJlbmFibGVkIjoiYXV0byIsImVuYWJsZWRJbk5hcnJvdyI6ImF1dG8ifSwiY21kUHJpbnQiOnsiZW5hYmxlZCI6ImF1dG8iLCJlbmFibGVkSW5OYXJyb3ciOiJhdXRvIn0sImNtZFNpbmdsZVBhZ2UiOnsiZW5hYmxlZCI6ImF1dG8iLCJlbmFibGVkSW5OYXJyb3ciOiJhdXRvIiwiYWN0aXZlIjoiYXV0byIsImFjdGl2ZUZvck1vYmlsZSI6ImF1dG8ifSwid2lkVG9vbGJhciI6eyJlbmFibGVkIjoiYXV0byIsImVuYWJsZWRJbk5hcnJvdyI6ImF1dG8ifX19LCJhdXRvVGh1bWJuYWlsIjoiaHR0cHM6XC9cL2VpcGRlZ3lwdC5jb21cL3dwLWNvbnRlbnRcL3VwbG9hZHNcLzNkLWZsaXAtYm9va1wvYXV0by10aHVtYm5haWxzXC81OTg0LnBuZyIsInBvc3RfbmFtZSI6Im1laW5lLWJpZW5lLTEtYXJiZWl0c2J1Y2giLCJwb3N0X3R5cGUiOiIzZC1mbGlwLWJvb2sifX0sInBhZ2VzIjp7IjU5ODQiOlt7InBhZ2VfSUQiOiIzMzcyIiwicGFnZV9wb3N0X0lEIjoiNTk4NCIsInBhZ2VfdGl0bGUiOiIiLCJwYWdlX3NvdXJjZV90eXBlIjoicGRmIiwicGFnZV9zb3VyY2VfZGF0YSI6eyJudW1iZXIiOiIwIiwiaW50ZXJhY3RpdmUiOiIwIn0sInBhZ2VfdGh1bWJuYWlsX3R5cGUiOiJhdXRvIiwicGFnZV90aHVtYm5haWxfZGF0YSI6eyJwb3N0X0lEIjoiMCJ9LCJwYWdlX21ldGFfZGF0YSI6eyJjc3NfbGF5ZXIiOnsiY3NzIjoiIiwiaHRtbCI6IiIsImpzIjoiIn19LCJwYWdlX251bWJlciI6IjAifSx7InBhZ2VfSUQiOiIzMzczIiwicGFnZV9wb3N0X0lEIjoiNTk4NCIsInBhZ2VfdGl0bGUiOiIiLCJwYWdlX3NvdXJjZV90eXBlIjoicGRmIiwicGFnZV9zb3VyY2VfZGF0YSI6eyJudW1iZXIiOiIxIiwiaW50ZXJhY3RpdmUiOiIwIn0sInBhZ2VfdGh1bWJuYWlsX3R5cGUiOiJhdXRvIiwicGFnZV90aHVtYm5haWxfZGF0YSI6eyJwb3N0X0lEIjoiMCJ9LCJwYWdlX21ldGFfZGF0YSI6eyJjc3NfbGF5ZXIiOnsiY3NzIjoiIiwiaHRtbCI6IiIsImpzIjoiIn19LCJwYWdlX251bWJlciI6IjEifSx7InBhZ2VfSUQiOiIzMzc0IiwicGFnZV9wb3N0X0lEIjoiNTk4NCIsInBhZ2VfdGl0bGUiOiIiLCJwYWdlX3NvdXJjZV90eXBlIjoicGRmIiwicGFnZV9zb3VyY2VfZGF0YSI6eyJudW1iZXIiOiIyIiwiaW50ZXJhY3RpdmUiOiIwIn0sInBhZ2VfdGh1bWJuYWlsX3R5cGUiOiJhdXRvIiwicGFnZV90aHVtYm5haWxfZGF0YSI6eyJwb3N0X0lEIjoiMCJ9LCJwYWdlX21ldGFfZGF0YSI6eyJjc3NfbGF5ZXIiOnsiY3NzIjoiIiwiaHRtbCI6IiIsImpzIjoiIn19LCJwYWdlX251bWJlciI6IjIifSx7InBhZ2VfSUQiOiIzMzc1IiwicGFnZV9wb3N0X0lEIjoiNTk4NCIsInBhZ2VfdGl0bGUiOiIiLCJwYWdlX3NvdXJjZV90eXBlIjoicGRmIiwicGFnZV9zb3VyY2VfZGF0YSI6eyJudW1iZXIiOiIzIiwiaW50ZXJhY3RpdmUiOiIwIn0sInBhZ2VfdGh1bWJuYWlsX3R5cGUiOiJhdXRvIiwicGFnZV90aHVtYm5haWxfZGF0YSI6eyJwb3N0X0lEIjoiMCJ9LCJwYWdlX21ldGFfZGF0YSI6eyJjc3NfbGF5ZXIiOnsiY3NzIjoiIiwiaHRtbCI6IiIsImpzIjoiIn19LCJwYWdlX251bWJlciI6IjMifSx7InBhZ2VfSUQiOiIzMzc2IiwicGFnZV9wb3N0X0lEIjoiNTk4NCIsInBhZ2VfdGl0bGUiOiIiLCJwYWdlX3NvdXJjZV90eXBlIjoicGRmIiwicGFnZV9zb3VyY2VfZGF0YSI6eyJudW1iZXIiOiI0IiwiaW50ZXJhY3RpdmUiOiIwIn0sInBhZ2VfdGh1bWJuYWlsX3R5cGUiOiJhdXRvIiwicGFnZV90aHVtYm5haWxfZGF0YSI6eyJwb3N0X0lEIjoiMCJ9LCJwYWdlX21ldGFfZGF0YSI6eyJjc3NfbGF5ZXIiOnsiY3NzIjoiIiwiaHRtbCI6IiIsImpzIjoiIn19LCJwYWdlX251bWJlciI6IjQifSx7InBhZ2VfSUQiOiIzMzc3IiwicGFnZV9wb3N0X0lEIjoiNTk4NCIsInBhZ2VfdGl0bGUiOiIiLCJwYWdlX3NvdXJjZV90eXBlIjoicGRmIiwicGFnZV9zb3VyY2VfZGF0YSI6eyJudW1iZXIiOiI1IiwiaW50ZXJhY3RpdmUiOiIwIn0sInBhZ2VfdGh1bWJuYWlsX3R5cGUiOiJhdXRvIiwicGFnZV90aHVtYm5haWxfZGF0YSI6eyJwb3N0X0lEIjoiMCJ9LCJwYWdlX21ldGFfZGF0YSI6eyJjc3NfbGF5ZXIiOnsiY3NzIjoiIiwiaHRtbCI6IiIsImpzIjoiIn19LCJwYWdlX251bWJlciI6IjUifSx7InBhZ2VfSUQiOiIzMzc4IiwicGFnZV9wb3N0X0lEIjoiNTk4NCIsInBhZ2VfdGl0bGUiOiIiLCJwYWdlX3NvdXJjZV90eXBlIjoicGRmIiwicGFnZV9zb3VyY2VfZGF0YSI6eyJudW1iZXIiOiI2IiwiaW50ZXJhY3RpdmUiOiIwIn0sInBhZ2VfdGh1bWJuYWlsX3R5cGUiOiJhdXRvIiwicGFnZV90aHVtYm5haWxfZGF0YSI6eyJwb3N0X0lEIjoiMCJ9LCJwYWdlX21ldGFfZGF0YSI6eyJjc3NfbGF5ZXIiOnsiY3NzIjoiIiwiaHRtbCI6IiIsImpzIjoiIn19LCJwYWdlX251bWJlciI6IjYifSx7InBhZ2VfSUQiOiIzMzc5IiwicGFnZV9wb3N0X0lEIjoiNTk4NCIsInBhZ2VfdGl0bGUiOiIiLCJwYWdlX3NvdXJjZV90eXBlIjoicGRmIiwicGFnZV9zb3VyY2VfZGF0YSI6eyJudW1iZXIiOiI3IiwiaW50ZXJhY3RpdmUiOiIwIn0sInBhZ2VfdGh1bWJuYWlsX3R5cGUiOiJhdXRvIiwicGFnZV90aHVtYm5haWxfZGF0YSI6eyJwb3N0X0lEIjoiMCJ9LCJwYWdlX21ldGFfZGF0YSI6eyJjc3NfbGF5ZXIiOnsiY3NzIjoiIiwiaHRtbCI6IiIsImpzIjoiIn19LCJwYWdlX251bWJlciI6IjcifV19LCJmaXJzdFBhZ2VzIjpbXX0=');window.FB3D_CLIENT_LOCALE && window.FB3D_CLIENT_LOCALE.render();<\/script>\n<p>&#8220;<strong>\u0645\u0627\u064a\u0646 \u0628\u064a\u0646\u064a<\/strong>\" \u0647\u064a \u062f\u0648\u0631\u0629 \u062a\u0639\u0644\u064a\u0645\u064a\u0629 \u0641\u064a \u0627\u0644\u0644\u063a\u0629 \u0627\u0644\u0623\u0644\u0645\u0627\u0646\u064a\u0629 \u0644\u0644\u0645\u062f\u0627\u0631\u0633. Der Kurs \u0645\u062e\u0635\u0635 \u0644\u0644\u0637\u0644\u0628\u0629 \u0627\u0644\u0630\u064a\u0646 \u0644\u0627 \u064a\u062c\u064a\u062f\u0648\u0646 \u0627\u0644\u0644\u063a\u0629 \u0627\u0644\u0623\u0644\u0645\u0627\u0646\u064a\u0629 \u0643\u0645\u062a\u062d\u062f\u062b\u064a\u0646 \u0623\u062c\u0627\u0646\u0628\u060c \u0648\u0647\u0648 \u0645\u0648\u062c\u0647 \u0644\u0644\u0637\u0644\u0628\u0629 \u0627\u0644\u0630\u064a\u0646 \u064a\u062f\u0631\u0633\u0648\u0646 \u0627\u0644\u0644\u063a\u0629 \u0627\u0644\u0623\u0644\u0645\u0627\u0646\u064a\u0629 \u0645\u0646 \u0627\u0644\u0645\u0633\u062a\u0648\u0649 1 \u0625\u0644\u0649 \u0627\u0644\u0645\u0633\u062a\u0648\u0649 6.<\/p>\n<p>Jede Stufe von \"Meine Biene\" enth\u00e4lt folgende Teile:<\/p>\n<ul>\n<li><strong>Sch\u00fclerbuch:<\/strong> Das Hauptlehrbuch f\u00fcr Sch\u00fcler mit bunten Bildern, spannenden Texten und interaktiven \u00dcbungen, die das Lernen leicht und spa\u00dfig machen.<\/li>\n<li><strong>Arbeitsbuch:<\/strong> Das Arbeitsbuch erg\u00e4nzt das Sch\u00fclerbuch \u0645\u0639 zus\u00e4tzlichen \u00dcbungen und Aktivit\u00e4ten. Es hilft den Sch\u00fclern, das Gelernte zu \u00fcben und zu festigen.<\/li>\n<li><strong>\u0643\u062a\u064a\u0628 \u0625\u0631\u0634\u0627\u062f\u0627\u062a<\/strong> \u062f\u0644\u064a\u0644 \u0634\u0627\u0645\u0644 \u0644\u0644\u0645\u0639\u0644\u0645\u064a\u0646 \u0645\u0639 \u0643\u062a\u064a\u0628 \u064a\u062f\u0648\u064a \u0644\u0644\u0645\u0639\u0644\u0645\u064a\u0646 \u0645\u0639 \u062a\u0641\u0627\u0635\u064a\u0644 \u0645\u0641\u0635\u0644\u0629 \u0639\u0646 Unterrichtspl\u00e4nen\u060c \u0646\u0635\u0627\u0626\u062d \u0648\u0645\u0648\u0627\u062f \u062a\u0639\u0644\u064a\u0645\u064a\u0629 \u0648\u0645\u0648\u0627\u062f \u062a\u0639\u0644\u064a\u0645\u064a\u0629 \u0645\u0641\u064a\u062f\u0629 \u0644\u0644\u0645\u062a\u0639\u0644\u0645\u064a\u0646 \u0627\u0644\u0630\u064a\u0646 \u064a\u0631\u063a\u0628\u0648\u0646 \u0641\u064a \u062a\u062d\u0633\u064a\u0646 \u0645\u0647\u0627\u0631\u0627\u062a\u0647\u0645.<\/li>\n<li><strong>\u0627\u0644\u0635\u0648\u062a:<\/strong> Hochwertige Audioaufnahmen\u060c die das Sch\u00fclerbuch begleiten. Die Aufnahmen von Muttersprachlern \u064a\u0633\u0627\u0639\u062f\u0648\u0646 \u0627\u0644\u0637\u0644\u0627\u0628 \u0639\u0644\u0649 \u062a\u062d\u0633\u064a\u0646 \u0645\u0647\u0627\u0631\u0627\u062a\u0647\u0645 \u0641\u064a \u0627\u0644\u0642\u0631\u0627\u0621\u0629 \u0648\u0627\u0644\u0643\u062a\u0627\u0628\u0629.<\/li>\n<\/ul>\n<p>&#8220;<strong>\u0645\u0627\u064a\u0646 \u0628\u064a\u0646\u064a<\/strong>\" \u0645\u062b\u0627\u0644\u064a\u0629 \u0644\u0644\u0645\u062f\u0627\u0631\u0633 \u0627\u0644\u062a\u064a \u062a\u0636\u0645 \u0637\u0644\u0627\u0628\u064b\u0627 \u0644\u0627 \u064a\u062a\u0642\u0646\u0648\u0646 \u0627\u0644\u0644\u063a\u0629 \u0627\u0644\u0623\u0644\u0645\u0627\u0646\u064a\u0629. \u064a\u0642\u062f\u0645 Der Kurs \u062f\u0631\u0648\u0633\u0627\u064b \u0645\u0641\u064a\u062f\u0629 \u0648\u0645\u0641\u064a\u062f\u0629 \u0641\u064a \u062a\u0639\u0644\u0645 \u0627\u0644\u0644\u063a\u0629 \u0627\u0644\u0623\u0644\u0645\u0627\u0646\u064a\u0629. \u0645\u0646 \u062e\u0644\u0627\u0644 \u0627\u0644\u0645\u062d\u0627\u0636\u0631\u0627\u062a \u0627\u0644\u062a\u0641\u0627\u0639\u0644\u064a\u0629 \u0648\u0627\u0644\u062f\u0631\u0648\u0633 \u0627\u0644\u062a\u0637\u0628\u064a\u0642\u064a\u0629 \u0648\u0627\u0644\u062f\u0631\u0648\u0633 \u0627\u0644\u0635\u0648\u062a\u064a\u0629 \u0627\u0644\u0623\u0635\u0644\u064a\u0629 \u064a\u062d\u0635\u0644 \u0627\u0644\u062f\u0627\u0631\u0633\u0648\u0646 \u0639\u0644\u0649 \u062f\u0631\u0648\u0633 \u0641\u064a \u0627\u0644\u0644\u063a\u0629 \u0627\u0644\u0623\u0644\u0645\u0627\u0646\u064a\u0629 \u0645\u0646 \u062e\u0644\u0627\u0644 \u062a\u0639\u0644\u0645 \u0627\u0644\u0644\u063a\u0629 \u0627\u0644\u0623\u0644\u0645\u0627\u0646\u064a\u0629 \u0648\u0627\u0644\u062a\u062d\u062f\u062b \u0628\u0647\u0627.<\/p>\n<p>&nbsp;<\/p>\n<p>&nbsp;<\/p>\n<p>&#8220;<strong>\u0645\u0627\u064a\u0646 \u0628\u064a\u0646\u064a<\/strong>\" \u0647\u064a \u062f\u0648\u0631\u0629 \u0634\u0627\u0645\u0644\u0629 \u0644\u062a\u0639\u0644\u064a\u0645 \u0627\u0644\u0644\u063a\u0629 \u0627\u0644\u0623\u0644\u0645\u0627\u0646\u064a\u0629 \u0645\u0635\u0645\u0645\u0629 \u0644\u0644\u0645\u062f\u0627\u0631\u0633\u060c \u062a\u0642\u062f\u0645 \u0645\u0646\u0647\u062c\u064b\u0627 \u0645\u0646\u0638\u0645\u064b\u0627 \u0648\u062c\u0630\u0627\u0628\u064b\u0627 \u0644\u062a\u0639\u0644\u0645 \u0627\u0644\u0644\u063a\u0629 \u0627\u0644\u0623\u0644\u0645\u0627\u0646\u064a\u0629 \u0644\u063a\u064a\u0631 \u0627\u0644\u0646\u0627\u0637\u0642\u064a\u0646 \u0628\u0647\u0627. \u062a\u062a\u0623\u0644\u0641 \u0627\u0644\u062f\u0648\u0631\u0629 \u0645\u0646 \u0633\u062a\u0629 \u0645\u0633\u062a\u0648\u064a\u0627\u062a\u060c \u0645\u0646 \u0627\u0644\u0645\u0633\u062a\u0648\u0649 1 \u0625\u0644\u0649 \u0627\u0644\u0645\u0633\u062a\u0648\u0649 6\u060c \u0644\u062a\u0644\u0628\u064a\u0629 \u0627\u062d\u062a\u064a\u0627\u062c\u0627\u062a \u0627\u0644\u0637\u0644\u0627\u0628 \u0641\u064a \u0645\u0631\u0627\u062d\u0644 \u0645\u062e\u062a\u0644\u0641\u0629 \u0645\u0646 \u0625\u062a\u0642\u0627\u0646 \u0627\u0644\u0644\u063a\u0629.<\/p>\n<p>\u064a\u062a\u0636\u0645\u0646 \u0643\u0644 \u0645\u0633\u062a\u0648\u0649 \u0645\u0646 \u0645\u0633\u062a\u0648\u064a\u0627\u062a \"Meine Biene\" \u0627\u0644\u0645\u0643\u0648\u0646\u0627\u062a \u0627\u0644\u062a\u0627\u0644\u064a\u0629:<\/p>\n<ul>\n<li><strong>\u0643\u062a\u0627\u0628 \u0627\u0644\u062a\u0644\u0645\u064a\u0630:<\/strong> \u0627\u0644\u0643\u062a\u0627\u0628 \u0627\u0644\u0645\u062f\u0631\u0633\u064a \u0627\u0644\u0623\u0633\u0627\u0633\u064a \u0644\u0644\u0637\u0644\u0627\u0628\u060c \u0645\u0644\u064a\u0621 \u0628\u0627\u0644\u0631\u0633\u0648\u0645 \u0627\u0644\u062a\u0648\u0636\u064a\u062d\u064a\u0629 \u0627\u0644\u0645\u0644\u0648\u0646\u0629 \u0648\u0627\u0644\u0646\u0635\u0648\u0635 \u0627\u0644\u062c\u0630\u0627\u0628\u0629 \u0648\u0627\u0644\u062a\u0645\u0627\u0631\u064a\u0646 \u0627\u0644\u062a\u0641\u0627\u0639\u0644\u064a\u0629 \u0644\u062a\u0633\u0647\u064a\u0644 \u062a\u0639\u0644\u0645 \u0627\u0644\u0644\u063a\u0629 \u0628\u0637\u0631\u064a\u0642\u0629 \u0645\u0645\u062a\u0639\u0629 \u0648\u0641\u0639\u0627\u0644\u0629.<\/li>\n<li><strong>\u0643\u062a\u0627\u0628 \u0627\u0644\u0639\u0645\u0644:<\/strong> \u064a\u0648\u0641\u0631 \u0643\u062a\u0627\u0628 \u0627\u0644\u0639\u0645\u0644 \u0627\u0644\u0645\u0643\u0645\u0644 \u0644\u0643\u062a\u0627\u0628 \u0627\u0644\u062a\u0644\u0645\u064a\u0630 \u062a\u0645\u0627\u0631\u064a\u0646 \u0648\u0623\u0646\u0634\u0637\u0629 \u062a\u062f\u0631\u064a\u0628\u064a\u0629 \u0625\u0636\u0627\u0641\u064a\u0629 \u0644\u062a\u0639\u0632\u064a\u0632 \u0627\u0644\u0645\u0648\u0627\u062f \u0627\u0644\u062a\u064a \u062a\u0639\u0644\u0645\u0647\u0627 \u0641\u064a \u0627\u0644\u0641\u0635\u0644\u060c \u0645\u0645\u0627 \u064a\u0633\u0627\u0639\u062f \u0627\u0644\u0637\u0644\u0627\u0628 \u0639\u0644\u0649 \u062a\u0639\u0632\u064a\u0632 \u0645\u0639\u0627\u0631\u0641\u0647\u0645 \u0648\u0645\u0647\u0627\u0631\u0627\u062a\u0647\u0645.<\/li>\n<li><strong>\u062f\u0644\u064a\u0644 \u0627\u0644\u0645\u0639\u0644\u0645:<\/strong> \u062f\u0644\u064a\u0644 \u0634\u0627\u0645\u0644 \u0644\u0644\u0645\u0639\u0644\u0645\u064a\u0646\u060c \u064a\u0642\u062f\u0645 \u062e\u0637\u0637 \u062f\u0631\u0648\u0633 \u0645\u0641\u0635\u0644\u0629 \u0648\u0646\u0635\u0627\u0626\u062d \u062a\u062f\u0631\u064a\u0633\u064a\u0629 \u0648\u0645\u0648\u0627\u0631\u062f \u0625\u0636\u0627\u0641\u064a\u0629 \u0644\u062a\u0639\u0632\u064a\u0632 \u0627\u0644\u062a\u062f\u0631\u064a\u0633 \u0641\u064a \u0627\u0644\u0641\u0635\u0648\u0644 \u0627\u0644\u062f\u0631\u0627\u0633\u064a\u0629 \u0648\u062f\u0639\u0645 \u0627\u0644\u0645\u0639\u0644\u0645\u064a\u0646 \u0641\u064a \u062a\u0642\u062f\u064a\u0645 \u0627\u0644\u062f\u0648\u0631\u0629 \u0627\u0644\u062a\u062f\u0631\u064a\u0628\u064a\u0629 \u0628\u0641\u0639\u0627\u0644\u064a\u0629.<\/li>\n<li><strong>\u0627\u0644\u0635\u0648\u062a:<\/strong> \u062a\u0633\u062c\u064a\u0644\u0627\u062a \u0635\u0648\u062a\u064a\u0629 \u0639\u0627\u0644\u064a\u0629 \u0627\u0644\u062c\u0648\u062f\u0629 \u0645\u0635\u0627\u062d\u0628\u0629 \u0644\u0643\u062a\u0627\u0628 \u0627\u0644\u062a\u0644\u0645\u064a\u0630\u060c \u062a\u0636\u0645 \u0645\u062a\u062d\u062f\u062b\u064a\u0646 \u0623\u0635\u0644\u064a\u064a\u0646 \u0644\u0644\u063a\u0629 \u0627\u0644\u0623\u0644\u0645\u0627\u0646\u064a\u0629. \u062a\u0633\u0627\u0639\u062f \u0627\u0644\u0645\u0648\u0627\u0631\u062f \u0627\u0644\u0635\u0648\u062a\u064a\u0629 \u0627\u0644\u0637\u0644\u0627\u0628 \u0639\u0644\u0649 \u062a\u0637\u0648\u064a\u0631 \u0645\u0647\u0627\u0631\u0627\u062a\u0647\u0645 \u0641\u064a \u0627\u0644\u0627\u0633\u062a\u0645\u0627\u0639 \u0648\u0627\u0644\u0646\u0637\u0642\u060c \u0645\u0645\u0627 \u064a\u0648\u0641\u0631 \u062a\u062c\u0631\u0628\u0629 \u0644\u063a\u0648\u064a\u0629 \u0623\u0635\u064a\u0644\u0629.<\/li>\n<\/ul>\n<p>&#8220;<strong>\u0645\u0627\u064a\u0646 \u0628\u064a\u0646\u064a<\/strong>\" \u0645\u062b\u0627\u0644\u064a \u0644\u0644\u0645\u062f\u0627\u0631\u0633 \u0627\u0644\u062a\u064a \u0644\u0627 \u064a\u062a\u062d\u062f\u062b \u063a\u064a\u0631 \u0627\u0644\u0646\u0627\u0637\u0642\u064a\u0646 \u0628\u0627\u0644\u0644\u063a\u0629 \u0627\u0644\u0623\u0644\u0645\u0627\u0646\u064a\u0629\u060c \u062d\u064a\u062b \u064a\u0642\u062f\u0645 \u0645\u0633\u0627\u0631\u064b\u0627 \u0648\u0627\u0636\u062d\u064b\u0627 \u0648\u062a\u062f\u0631\u064a\u062c\u064a\u064b\u0627 \u0644\u0625\u062a\u0642\u0627\u0646 \u0627\u0644\u0644\u063a\u0629 \u0627\u0644\u0623\u0644\u0645\u0627\u0646\u064a\u0629. \u0645\u0646 \u062e\u0644\u0627\u0644 \u0627\u0644\u062f\u0631\u0648\u0633 \u0627\u0644\u062a\u0641\u0627\u0639\u0644\u064a\u0629 \u0648\u0627\u0644\u062a\u0645\u0627\u0631\u064a\u0646 \u0627\u0644\u0639\u0645\u0644\u064a\u0629 \u0648\u0627\u0644\u062a\u062c\u0627\u0631\u0628 \u0627\u0644\u0635\u0648\u062a\u064a\u0629 \u0627\u0644\u063a\u0627\u0645\u0631\u0629\u060c \u0633\u064a\u0643\u062a\u0633\u0628 \u0627\u0644\u0637\u0644\u0627\u0628 \u0627\u0644\u062b\u0642\u0629 \u0648\u0627\u0644\u0625\u062a\u0642\u0627\u0646 \u0641\u064a \u0627\u0644\u0644\u063a\u0629 \u0627\u0644\u0623\u0644\u0645\u0627\u0646\u064a\u0629\u060c \u0645\u0645\u0627 \u064a\u0624\u0647\u0644\u0647\u0645 \u0644\u0627\u0633\u062a\u062e\u062f\u0627\u0645 \u0627\u0644\u0644\u063a\u0629 \u0627\u0644\u0623\u0644\u0645\u0627\u0646\u064a\u0629 \u0648\u0627\u0644\u062a\u0648\u0627\u0635\u0644 \u0628\u0647\u0627 \u0628\u0634\u0643\u0644 \u0645\u062a\u0642\u062f\u0645.<\/p>","protected":false},"excerpt":{"rendered":"<div class=\"_3d-flip-book  fb3d-fullscreen-mode full-size\" data-id=\"5984\" data-mode=\"fullscreen\" data-title=\"false\" data-template=\"short-white-book-view\" data-lightbox=\"dark-shadow\" data-urlparam=\"fb3d-page\" data-page-n=\"0\" data-pdf=\"\" data-tax=\"null\" data-thumbnail=\"\" data-cols=\"3\" data-book-template=\"default\"><\/div>\n<p><script type=\"text\/javascript\">window.FB3D_CLIENT_DATA = window.FB3D_CLIENT_DATA || [];window.FB3D_CLIENT_DATA.push('eyJwb3N0cyI6eyI1OTg0Ijp7IklEIjo1OTg0LCJ0aXRsZSI6Ik1laW5lIEJpZW5lICgxKSAoQXJiZWl0c2J1Y2gpIiwidHlwZSI6InBkZiIsInJlYWR5X2Z1bmN0aW9uIjoiIiwiYm9va19zdHlsZSI6ImZsYXQiLCJib29rX3RlbXBsYXRlIjoibm9uZSIsIm91dGxpbmUiOltdLCJkYXRhIjp7InBvc3RfSUQiOiI2Nzg0IiwiZ3VpZCI6Imh0dHBzOlwvXC9laXBkZWd5cHQuY29tXC93cC1jb250ZW50XC91cGxvYWRzXC8yMDI0XC8wNVwvTWVpbmUtQmllbmUtMUFyYmVpdHNidWNoUERGLVNhbXBsZS1OZXcucGRmIiwicGRmX3BhZ2VzIjoiOCIsInBhZ2VzX2N1c3RvbWl6YXRpb24iOiJhbGwifSwidGh1bWJuYWlsIjp7ImRhdGEiOnsicG9zdF9JRCI6IjAifSwidHlwZSI6ImF1dG8ifSwicHJvcHMiOnsiYmFja2dyb3VuZENvbG9yIjoiYXV0byIsImJhY2tncm91bmRJbWFnZSI6ImF1dG8iLCJiYWNrZ3JvdW5kU3R5bGUiOiJhdXRvIiwiaGlnaGxpZ2h0TGlua3MiOiJhdXRvIiwibGlnaHRpbmciOiJhdXRvIiwiY2FjaGVkUGFnZXMiOiJhdXRvIiwicmVuZGVySW5hY3RpdmVQYWdlcyI6ImF1dG8iLCJyZW5kZXJJbmFjdGl2ZVBhZ2VzT25Nb2JpbGUiOiJhdXRvIiwicmVuZGVyV2hpbGVGbGlwcGluZyI6ImF1dG8iLCJwcmVsb2FkUGFnZXMiOiJhdXRvIiwiYXV0b1BsYXlEdXJhdGlvbiI6ImF1dG8iLCJydGwiOiJhdXRvIiwiaW50ZXJhY3RpdmVDb3JuZXJzIjoiYXV0byIsIm1heERlcHRoIjoiYXV0byIsInNoZWV0Ijp7InN0YXJ0VmVsb2NpdHkiOiJhdXRvIiwid2F2ZSI6ImF1dG8iLCJzaGFwZSI6ImF1dG8iLCJ3aWR0aFRleGVscyI6ImF1dG8iLCJjb2xvciI6ImF1dG8iLCJzaWRlIjoiYXV0byIsImNvcm5lckRldmlhdGlvbiI6ImF1dG8iLCJmbGV4aWJpbGl0eSI6ImF1dG8iLCJmbGV4aWJsZUNvcm5lciI6ImF1dG8iLCJiZW5kaW5nIjoiYXV0byIsImhlaWdodFRleGVscyI6ImF1dG8ifSwiY292ZXIiOnsid2F2ZSI6ImF1dG8iLCJjb2xvciI6ImF1dG8iLCJzaWRlIjoiYXV0byIsImJpbmRlclRleHR1cmUiOiJhdXRvIiwiZGVwdGgiOiJhdXRvIiwicGFkZGluZyI6ImF1dG8iLCJzdGFydFZlbG9jaXR5IjoiYXV0byIsImZsZXhpYmlsaXR5IjoiYXV0byIsImZsZXhpYmxlQ29ybmVyIjoiYXV0byIsImJlbmRpbmciOiJhdXRvIiwid2lkdGhUZXhlbHMiOiJhdXRvIiwiaGVpZ2h0VGV4ZWxzIjoiYXV0byIsIm1hc3MiOiJhdXRvIiwic2hhcGUiOiJhdXRvIn0sInBhZ2UiOnsid2F2ZSI6ImF1dG8iLCJjb2xvciI6ImF1dG8iLCJzaWRlIjoiYXV0byIsImRlcHRoIjoiYXV0byIsInN0YXJ0VmVsb2NpdHkiOiJhdXRvIiwiZmxleGliaWxpdHkiOiJhdXRvIiwiZmxleGlibGVDb3JuZXIiOiJhdXRvIiwiYmVuZGluZyI6ImF1dG8iLCJ3aWR0aFRleGVscyI6ImF1dG8iLCJoZWlnaHRUZXhlbHMiOiJhdXRvIiwibWFzcyI6ImF1dG8iLCJzaGFwZSI6ImF1dG8ifSwiaGVpZ2h0IjoiYXV0byIsIndpZHRoIjoiYXV0byIsImdyYXZpdHkiOiJhdXRvIiwicGFnZXNGb3JQcmVkaWN0aW5nIjoiYXV0byJ9LCJjb250cm9sUHJvcHMiOnsiYWN0aW9ucyI6eyJjbWRUb2MiOnsiZW5hYmxlZCI6ImF1dG8iLCJlbmFibGVkSW5OYXJyb3ciOiJhdXRvIiwiYWN0aXZlIjoiYXV0byIsImRlZmF1bHRUYWIiOiJhdXRvIn0sImNtZEF1dG9QbGF5Ijp7ImVuYWJsZWQiOiJhdXRvIiwiZW5hYmxlZEluTmFycm93IjoiYXV0byIsImFjdGl2ZSI6ImF1dG8ifSwiY21kU2F2ZSI6eyJlbmFibGVkIjoiYXV0byIsImVuYWJsZWRJbk5hcnJvdyI6ImF1dG8ifSwiY21kUHJpbnQiOnsiZW5hYmxlZCI6ImF1dG8iLCJlbmFibGVkSW5OYXJyb3ciOiJhdXRvIn0sImNtZFNpbmdsZVBhZ2UiOnsiZW5hYmxlZCI6ImF1dG8iLCJlbmFibGVkSW5OYXJyb3ciOiJhdXRvIiwiYWN0aXZlIjoiYXV0byIsImFjdGl2ZUZvck1vYmlsZSI6ImF1dG8ifSwid2lkVG9vbGJhciI6eyJlbmFibGVkIjoiYXV0byIsImVuYWJsZWRJbk5hcnJvdyI6ImF1dG8ifX19LCJhdXRvVGh1bWJuYWlsIjoiaHR0cHM6XC9cL2VpcGRlZ3lwdC5jb21cL3dwLWNvbnRlbnRcL3VwbG9hZHNcLzNkLWZsaXAtYm9va1wvYXV0by10aHVtYm5haWxzXC81OTg0LnBuZyIsInBvc3RfbmFtZSI6Im1laW5lLWJpZW5lLTEtYXJiZWl0c2J1Y2giLCJwb3N0X3R5cGUiOiIzZC1mbGlwLWJvb2sifX0sInBhZ2VzIjp7IjU5ODQiOlt7InBhZ2VfSUQiOiIzMzcyIiwicGFnZV9wb3N0X0lEIjoiNTk4NCIsInBhZ2VfdGl0bGUiOiIiLCJwYWdlX3NvdXJjZV90eXBlIjoicGRmIiwicGFnZV9zb3VyY2VfZGF0YSI6eyJudW1iZXIiOiIwIiwiaW50ZXJhY3RpdmUiOiIwIn0sInBhZ2VfdGh1bWJuYWlsX3R5cGUiOiJhdXRvIiwicGFnZV90aHVtYm5haWxfZGF0YSI6eyJwb3N0X0lEIjoiMCJ9LCJwYWdlX21ldGFfZGF0YSI6eyJjc3NfbGF5ZXIiOnsiY3NzIjoiIiwiaHRtbCI6IiIsImpzIjoiIn19LCJwYWdlX251bWJlciI6IjAifSx7InBhZ2VfSUQiOiIzMzczIiwicGFnZV9wb3N0X0lEIjoiNTk4NCIsInBhZ2VfdGl0bGUiOiIiLCJwYWdlX3NvdXJjZV90eXBlIjoicGRmIiwicGFnZV9zb3VyY2VfZGF0YSI6eyJudW1iZXIiOiIxIiwiaW50ZXJhY3RpdmUiOiIwIn0sInBhZ2VfdGh1bWJuYWlsX3R5cGUiOiJhdXRvIiwicGFnZV90aHVtYm5haWxfZGF0YSI6eyJwb3N0X0lEIjoiMCJ9LCJwYWdlX21ldGFfZGF0YSI6eyJjc3NfbGF5ZXIiOnsiY3NzIjoiIiwiaHRtbCI6IiIsImpzIjoiIn19LCJwYWdlX251bWJlciI6IjEifSx7InBhZ2VfSUQiOiIzMzc0IiwicGFnZV9wb3N0X0lEIjoiNTk4NCIsInBhZ2VfdGl0bGUiOiIiLCJwYWdlX3NvdXJjZV90eXBlIjoicGRmIiwicGFnZV9zb3VyY2VfZGF0YSI6eyJudW1iZXIiOiIyIiwiaW50ZXJhY3RpdmUiOiIwIn0sInBhZ2VfdGh1bWJuYWlsX3R5cGUiOiJhdXRvIiwicGFnZV90aHVtYm5haWxfZGF0YSI6eyJwb3N0X0lEIjoiMCJ9LCJwYWdlX21ldGFfZGF0YSI6eyJjc3NfbGF5ZXIiOnsiY3NzIjoiIiwiaHRtbCI6IiIsImpzIjoiIn19LCJwYWdlX251bWJlciI6IjIifSx7InBhZ2VfSUQiOiIzMzc1IiwicGFnZV9wb3N0X0lEIjoiNTk4NCIsInBhZ2VfdGl0bGUiOiIiLCJwYWdlX3NvdXJjZV90eXBlIjoicGRmIiwicGFnZV9zb3VyY2VfZGF0YSI6eyJudW1iZXIiOiIzIiwiaW50ZXJhY3RpdmUiOiIwIn0sInBhZ2VfdGh1bWJuYWlsX3R5cGUiOiJhdXRvIiwicGFnZV90aHVtYm5haWxfZGF0YSI6eyJwb3N0X0lEIjoiMCJ9LCJwYWdlX21ldGFfZGF0YSI6eyJjc3NfbGF5ZXIiOnsiY3NzIjoiIiwiaHRtbCI6IiIsImpzIjoiIn19LCJwYWdlX251bWJlciI6IjMifSx7InBhZ2VfSUQiOiIzMzc2IiwicGFnZV9wb3N0X0lEIjoiNTk4NCIsInBhZ2VfdGl0bGUiOiIiLCJwYWdlX3NvdXJjZV90eXBlIjoicGRmIiwicGFnZV9zb3VyY2VfZGF0YSI6eyJudW1iZXIiOiI0IiwiaW50ZXJhY3RpdmUiOiIwIn0sInBhZ2VfdGh1bWJuYWlsX3R5cGUiOiJhdXRvIiwicGFnZV90aHVtYm5haWxfZGF0YSI6eyJwb3N0X0lEIjoiMCJ9LCJwYWdlX21ldGFfZGF0YSI6eyJjc3NfbGF5ZXIiOnsiY3NzIjoiIiwiaHRtbCI6IiIsImpzIjoiIn19LCJwYWdlX251bWJlciI6IjQifSx7InBhZ2VfSUQiOiIzMzc3IiwicGFnZV9wb3N0X0lEIjoiNTk4NCIsInBhZ2VfdGl0bGUiOiIiLCJwYWdlX3NvdXJjZV90eXBlIjoicGRmIiwicGFnZV9zb3VyY2VfZGF0YSI6eyJudW1iZXIiOiI1IiwiaW50ZXJhY3RpdmUiOiIwIn0sInBhZ2VfdGh1bWJuYWlsX3R5cGUiOiJhdXRvIiwicGFnZV90aHVtYm5haWxfZGF0YSI6eyJwb3N0X0lEIjoiMCJ9LCJwYWdlX21ldGFfZGF0YSI6eyJjc3NfbGF5ZXIiOnsiY3NzIjoiIiwiaHRtbCI6IiIsImpzIjoiIn19LCJwYWdlX251bWJlciI6IjUifSx7InBhZ2VfSUQiOiIzMzc4IiwicGFnZV9wb3N0X0lEIjoiNTk4NCIsInBhZ2VfdGl0bGUiOiIiLCJwYWdlX3NvdXJjZV90eXBlIjoicGRmIiwicGFnZV9zb3VyY2VfZGF0YSI6eyJudW1iZXIiOiI2IiwiaW50ZXJhY3RpdmUiOiIwIn0sInBhZ2VfdGh1bWJuYWlsX3R5cGUiOiJhdXRvIiwicGFnZV90aHVtYm5haWxfZGF0YSI6eyJwb3N0X0lEIjoiMCJ9LCJwYWdlX21ldGFfZGF0YSI6eyJjc3NfbGF5ZXIiOnsiY3NzIjoiIiwiaHRtbCI6IiIsImpzIjoiIn19LCJwYWdlX251bWJlciI6IjYifSx7InBhZ2VfSUQiOiIzMzc5IiwicGFnZV9wb3N0X0lEIjoiNTk4NCIsInBhZ2VfdGl0bGUiOiIiLCJwYWdlX3NvdXJjZV90eXBlIjoicGRmIiwicGFnZV9zb3VyY2VfZGF0YSI6eyJudW1iZXIiOiI3IiwiaW50ZXJhY3RpdmUiOiIwIn0sInBhZ2VfdGh1bWJuYWlsX3R5cGUiOiJhdXRvIiwicGFnZV90aHVtYm5haWxfZGF0YSI6eyJwb3N0X0lEIjoiMCJ9LCJwYWdlX21ldGFfZGF0YSI6eyJjc3NfbGF5ZXIiOnsiY3NzIjoiIiwiaHRtbCI6IiIsImpzIjoiIn19LCJwYWdlX251bWJlciI6IjcifV19LCJmaXJzdFBhZ2VzIjpbXX0=');window.FB3D_CLIENT_LOCALE &#038;& window.FB3D_CLIENT_LOCALE.render();<\/script><\/p>","protected":false},"featured_media":5845,"comment_status":"open","ping_status":"closed","template":"","meta":{"content-type":"","passster_activate_protection":false,"passster_protect_child_pages":"","passster_protection_type":"password","passster_password":"","passster_activate_overwrite_defaults":"","passster_headline":"","passster_instruction":"","passster_placeholder":"","passster_button":"","passster_id":"","passster_activate_misc_settings":"","passster_redirect_url":"","passster_hide":"no","passster_area_shortcode":""},"product_cat":[227,213],"product_tag":[],"class_list":{"0":"post-6441","1":"product","2":"type-product","3":"status-publish","4":"has-post-thumbnail","6":"product_cat-language-teaching","7":"product_cat-german","9":"first","10":"instock","11":"sold-individually","12":"shipping-taxable","13":"purchasable","14":"product-type-variable"},"_links":{"self":[{"href":"https:\/\/eipdegypt.com\/ar\/wp-json\/wp\/v2\/product\/6441","targetHints":{"allow":["GET"]}}],"collection":[{"href":"https:\/\/eipdegypt.com\/ar\/wp-json\/wp\/v2\/product"}],"about":[{"href":"https:\/\/eipdegypt.com\/ar\/wp-json\/wp\/v2\/types\/product"}],"replies":[{"embeddable":true,"href":"https:\/\/eipdegypt.com\/ar\/wp-json\/wp\/v2\/comments?post=6441"}],"wp:featuredmedia":[{"embeddable":true,"href":"https:\/\/eipdegypt.com\/ar\/wp-json\/wp\/v2\/media\/5845"}],"wp:attachment":[{"href":"https:\/\/eipdegypt.com\/ar\/wp-json\/wp\/v2\/media?parent=6441"}],"wp:term":[{"taxonomy":"product_cat","embeddable":true,"href":"https:\/\/eipdegypt.com\/ar\/wp-json\/wp\/v2\/product_cat?post=6441"},{"taxonomy":"product_tag","embeddable":true,"href":"https:\/\/eipdegypt.com\/ar\/wp-json\/wp\/v2\/product_tag?post=6441"}],"curies":[{"name":"wp","href":"https:\/\/api.w.org\/{rel}","templated":true}]}}