{"id":6456,"date":"2024-05-19T11:52:23","date_gmt":"2024-05-19T11:52:23","guid":{"rendered":"https:\/\/eipdegypt.com\/?post_type=product&#038;p=6456"},"modified":"2024-12-15T09:05:35","modified_gmt":"2024-12-15T09:05:35","slug":"meine-biene-6-arbeitsbuch","status":"publish","type":"product","link":"https:\/\/eipdegypt.com\/ar\/product\/meine-biene-6-arbeitsbuch\/","title":{"rendered":"\u0645\u0627\u064a\u0646 \u0628\u064a\u0646\u064a (6) (Arbeitsbuch)"},"content":{"rendered":"<div class=\"_3d-flip-book  fb3d-hidden-mode\" data-id=\"5990\" data-mode=\"hidden\" data-title=\"false\" data-template=\"short-white-book-view\" data-lightbox=\"dark-shadow\" data-urlparam=\"fb3d-page\" data-page-n=\"0\" data-pdf=\"\" data-tax=\"null\" data-thumbnail=\"\" data-cols=\"3\" data-book-template=\"default\"><\/div><script type=\"text\/javascript\">window.FB3D_CLIENT_DATA = window.FB3D_CLIENT_DATA || [];window.FB3D_CLIENT_DATA.push('eyJwb3N0cyI6eyI1OTkwIjp7IklEIjo1OTkwLCJ0aXRsZSI6Ik1laW5lIEJpZW5lICg2KSAoQXJiZWl0c2J1Y2gpIiwidHlwZSI6InBkZiIsInJlYWR5X2Z1bmN0aW9uIjoiIiwiYm9va19zdHlsZSI6ImZsYXQiLCJib29rX3RlbXBsYXRlIjoibm9uZSIsIm91dGxpbmUiOltdLCJkYXRhIjp7InBvc3RfSUQiOiI2NzgyIiwiZ3VpZCI6Imh0dHBzOlwvXC9laXBkZWd5cHQuY29tXC93cC1jb250ZW50XC91cGxvYWRzXC8yMDI0XC8wNVwvTWVpbmUtQmllbmUtNkFyYmVpdHNidWNoUERGLVNhbXBsZS1OZXcucGRmIiwicGRmX3BhZ2VzIjoiMTAiLCJwYWdlc19jdXN0b21pemF0aW9uIjoiYWxsIn0sInRodW1ibmFpbCI6eyJkYXRhIjp7InBvc3RfSUQiOiIwIn0sInR5cGUiOiJhdXRvIn0sInByb3BzIjp7ImJhY2tncm91bmRDb2xvciI6ImF1dG8iLCJiYWNrZ3JvdW5kSW1hZ2UiOiJhdXRvIiwiYmFja2dyb3VuZFN0eWxlIjoiYXV0byIsImhpZ2hsaWdodExpbmtzIjoiYXV0byIsImxpZ2h0aW5nIjoiYXV0byIsImNhY2hlZFBhZ2VzIjoiYXV0byIsInJlbmRlckluYWN0aXZlUGFnZXMiOiJhdXRvIiwicmVuZGVySW5hY3RpdmVQYWdlc09uTW9iaWxlIjoiYXV0byIsInJlbmRlcldoaWxlRmxpcHBpbmciOiJhdXRvIiwicHJlbG9hZFBhZ2VzIjoiYXV0byIsImF1dG9QbGF5RHVyYXRpb24iOiJhdXRvIiwicnRsIjoiYXV0byIsImludGVyYWN0aXZlQ29ybmVycyI6ImF1dG8iLCJtYXhEZXB0aCI6ImF1dG8iLCJzaGVldCI6eyJzdGFydFZlbG9jaXR5IjoiYXV0byIsIndhdmUiOiJhdXRvIiwic2hhcGUiOiJhdXRvIiwid2lkdGhUZXhlbHMiOiJhdXRvIiwiY29sb3IiOiJhdXRvIiwic2lkZSI6ImF1dG8iLCJjb3JuZXJEZXZpYXRpb24iOiJhdXRvIiwiZmxleGliaWxpdHkiOiJhdXRvIiwiZmxleGlibGVDb3JuZXIiOiJhdXRvIiwiYmVuZGluZyI6ImF1dG8iLCJoZWlnaHRUZXhlbHMiOiJhdXRvIn0sImNvdmVyIjp7IndhdmUiOiJhdXRvIiwiY29sb3IiOiJhdXRvIiwic2lkZSI6ImF1dG8iLCJiaW5kZXJUZXh0dXJlIjoiYXV0byIsImRlcHRoIjoiYXV0byIsInBhZGRpbmciOiJhdXRvIiwic3RhcnRWZWxvY2l0eSI6ImF1dG8iLCJmbGV4aWJpbGl0eSI6ImF1dG8iLCJmbGV4aWJsZUNvcm5lciI6ImF1dG8iLCJiZW5kaW5nIjoiYXV0byIsIndpZHRoVGV4ZWxzIjoiYXV0byIsImhlaWdodFRleGVscyI6ImF1dG8iLCJtYXNzIjoiYXV0byIsInNoYXBlIjoiYXV0byJ9LCJwYWdlIjp7IndhdmUiOiJhdXRvIiwiY29sb3IiOiJhdXRvIiwic2lkZSI6ImF1dG8iLCJkZXB0aCI6ImF1dG8iLCJzdGFydFZlbG9jaXR5IjoiYXV0byIsImZsZXhpYmlsaXR5IjoiYXV0byIsImZsZXhpYmxlQ29ybmVyIjoiYXV0byIsImJlbmRpbmciOiJhdXRvIiwid2lkdGhUZXhlbHMiOiJhdXRvIiwiaGVpZ2h0VGV4ZWxzIjoiYXV0byIsIm1hc3MiOiJhdXRvIiwic2hhcGUiOiJhdXRvIn0sImhlaWdodCI6ImF1dG8iLCJ3aWR0aCI6ImF1dG8iLCJncmF2aXR5IjoiYXV0byIsInBhZ2VzRm9yUHJlZGljdGluZyI6ImF1dG8ifSwiY29udHJvbFByb3BzIjp7ImFjdGlvbnMiOnsiY21kVG9jIjp7ImVuYWJsZWQiOiJhdXRvIiwiZW5hYmxlZEluTmFycm93IjoiYXV0byIsImFjdGl2ZSI6ImF1dG8iLCJkZWZhdWx0VGFiIjoiYXV0byJ9LCJjbWRBdXRvUGxheSI6eyJlbmFibGVkIjoiYXV0byIsImVuYWJsZWRJbk5hcnJvdyI6ImF1dG8iLCJhY3RpdmUiOiJhdXRvIn0sImNtZFNhdmUiOnsiZW5hYmxlZCI6ImF1dG8iLCJlbmFibGVkSW5OYXJyb3ciOiJhdXRvIn0sImNtZFByaW50Ijp7ImVuYWJsZWQiOiJhdXRvIiwiZW5hYmxlZEluTmFycm93IjoiYXV0byJ9LCJjbWRTaW5nbGVQYWdlIjp7ImVuYWJsZWQiOiJhdXRvIiwiZW5hYmxlZEluTmFycm93IjoiYXV0byIsImFjdGl2ZSI6ImF1dG8iLCJhY3RpdmVGb3JNb2JpbGUiOiJhdXRvIn0sIndpZFRvb2xiYXIiOnsiZW5hYmxlZCI6ImF1dG8iLCJlbmFibGVkSW5OYXJyb3ciOiJhdXRvIn19fSwiYXV0b1RodW1ibmFpbCI6Imh0dHBzOlwvXC9laXBkZWd5cHQuY29tXC93cC1jb250ZW50XC91cGxvYWRzXC8zZC1mbGlwLWJvb2tcL2F1dG8tdGh1bWJuYWlsc1wvNTk5MC5wbmciLCJwb3N0X25hbWUiOiJtZWluZS1iaWVuZS02LWFyYmVpdHNidWNoIiwicG9zdF90eXBlIjoiM2QtZmxpcC1ib29rIn19LCJwYWdlcyI6eyI1OTkwIjpbeyJwYWdlX0lEIjoiMzMyNiIsInBhZ2VfcG9zdF9JRCI6IjU5OTAiLCJwYWdlX3RpdGxlIjoiIiwicGFnZV9zb3VyY2VfdHlwZSI6InBkZiIsInBhZ2Vfc291cmNlX2RhdGEiOnsibnVtYmVyIjoiMCIsImludGVyYWN0aXZlIjoiMCJ9LCJwYWdlX3RodW1ibmFpbF90eXBlIjoiYXV0byIsInBhZ2VfdGh1bWJuYWlsX2RhdGEiOnsicG9zdF9JRCI6IjAifSwicGFnZV9tZXRhX2RhdGEiOnsiY3NzX2xheWVyIjp7ImNzcyI6IiIsImh0bWwiOiIiLCJqcyI6IiJ9fSwicGFnZV9udW1iZXIiOiIwIn0seyJwYWdlX0lEIjoiMzMyNyIsInBhZ2VfcG9zdF9JRCI6IjU5OTAiLCJwYWdlX3RpdGxlIjoiIiwicGFnZV9zb3VyY2VfdHlwZSI6InBkZiIsInBhZ2Vfc291cmNlX2RhdGEiOnsibnVtYmVyIjoiMSIsImludGVyYWN0aXZlIjoiMCJ9LCJwYWdlX3RodW1ibmFpbF90eXBlIjoiYXV0byIsInBhZ2VfdGh1bWJuYWlsX2RhdGEiOnsicG9zdF9JRCI6IjAifSwicGFnZV9tZXRhX2RhdGEiOnsiY3NzX2xheWVyIjp7ImNzcyI6IiIsImh0bWwiOiIiLCJqcyI6IiJ9fSwicGFnZV9udW1iZXIiOiIxIn0seyJwYWdlX0lEIjoiMzMyOCIsInBhZ2VfcG9zdF9JRCI6IjU5OTAiLCJwYWdlX3RpdGxlIjoiIiwicGFnZV9zb3VyY2VfdHlwZSI6InBkZiIsInBhZ2Vfc291cmNlX2RhdGEiOnsibnVtYmVyIjoiMiIsImludGVyYWN0aXZlIjoiMCJ9LCJwYWdlX3RodW1ibmFpbF90eXBlIjoiYXV0byIsInBhZ2VfdGh1bWJuYWlsX2RhdGEiOnsicG9zdF9JRCI6IjAifSwicGFnZV9tZXRhX2RhdGEiOnsiY3NzX2xheWVyIjp7ImNzcyI6IiIsImh0bWwiOiIiLCJqcyI6IiJ9fSwicGFnZV9udW1iZXIiOiIyIn0seyJwYWdlX0lEIjoiMzMyOSIsInBhZ2VfcG9zdF9JRCI6IjU5OTAiLCJwYWdlX3RpdGxlIjoiIiwicGFnZV9zb3VyY2VfdHlwZSI6InBkZiIsInBhZ2Vfc291cmNlX2RhdGEiOnsibnVtYmVyIjoiMyIsImludGVyYWN0aXZlIjoiMCJ9LCJwYWdlX3RodW1ibmFpbF90eXBlIjoiYXV0byIsInBhZ2VfdGh1bWJuYWlsX2RhdGEiOnsicG9zdF9JRCI6IjAifSwicGFnZV9tZXRhX2RhdGEiOnsiY3NzX2xheWVyIjp7ImNzcyI6IiIsImh0bWwiOiIiLCJqcyI6IiJ9fSwicGFnZV9udW1iZXIiOiIzIn0seyJwYWdlX0lEIjoiMzMzMCIsInBhZ2VfcG9zdF9JRCI6IjU5OTAiLCJwYWdlX3RpdGxlIjoiIiwicGFnZV9zb3VyY2VfdHlwZSI6InBkZiIsInBhZ2Vfc291cmNlX2RhdGEiOnsibnVtYmVyIjoiNCIsImludGVyYWN0aXZlIjoiMCJ9LCJwYWdlX3RodW1ibmFpbF90eXBlIjoiYXV0byIsInBhZ2VfdGh1bWJuYWlsX2RhdGEiOnsicG9zdF9JRCI6IjAifSwicGFnZV9tZXRhX2RhdGEiOnsiY3NzX2xheWVyIjp7ImNzcyI6IiIsImh0bWwiOiIiLCJqcyI6IiJ9fSwicGFnZV9udW1iZXIiOiI0In0seyJwYWdlX0lEIjoiMzMzMSIsInBhZ2VfcG9zdF9JRCI6IjU5OTAiLCJwYWdlX3RpdGxlIjoiIiwicGFnZV9zb3VyY2VfdHlwZSI6InBkZiIsInBhZ2Vfc291cmNlX2RhdGEiOnsibnVtYmVyIjoiNSIsImludGVyYWN0aXZlIjoiMCJ9LCJwYWdlX3RodW1ibmFpbF90eXBlIjoiYXV0byIsInBhZ2VfdGh1bWJuYWlsX2RhdGEiOnsicG9zdF9JRCI6IjAifSwicGFnZV9tZXRhX2RhdGEiOnsiY3NzX2xheWVyIjp7ImNzcyI6IiIsImh0bWwiOiIiLCJqcyI6IiJ9fSwicGFnZV9udW1iZXIiOiI1In0seyJwYWdlX0lEIjoiMzMzMiIsInBhZ2VfcG9zdF9JRCI6IjU5OTAiLCJwYWdlX3RpdGxlIjoiIiwicGFnZV9zb3VyY2VfdHlwZSI6InBkZiIsInBhZ2Vfc291cmNlX2RhdGEiOnsibnVtYmVyIjoiNiIsImludGVyYWN0aXZlIjoiMCJ9LCJwYWdlX3RodW1ibmFpbF90eXBlIjoiYXV0byIsInBhZ2VfdGh1bWJuYWlsX2RhdGEiOnsicG9zdF9JRCI6IjAifSwicGFnZV9tZXRhX2RhdGEiOnsiY3NzX2xheWVyIjp7ImNzcyI6IiIsImh0bWwiOiIiLCJqcyI6IiJ9fSwicGFnZV9udW1iZXIiOiI2In0seyJwYWdlX0lEIjoiMzMzMyIsInBhZ2VfcG9zdF9JRCI6IjU5OTAiLCJwYWdlX3RpdGxlIjoiIiwicGFnZV9zb3VyY2VfdHlwZSI6InBkZiIsInBhZ2Vfc291cmNlX2RhdGEiOnsibnVtYmVyIjoiNyIsImludGVyYWN0aXZlIjoiMCJ9LCJwYWdlX3RodW1ibmFpbF90eXBlIjoiYXV0byIsInBhZ2VfdGh1bWJuYWlsX2RhdGEiOnsicG9zdF9JRCI6IjAifSwicGFnZV9tZXRhX2RhdGEiOnsiY3NzX2xheWVyIjp7ImNzcyI6IiIsImh0bWwiOiIiLCJqcyI6IiJ9fSwicGFnZV9udW1iZXIiOiI3In0seyJwYWdlX0lEIjoiMzMzNCIsInBhZ2VfcG9zdF9JRCI6IjU5OTAiLCJwYWdlX3RpdGxlIjoiIiwicGFnZV9zb3VyY2VfdHlwZSI6InBkZiIsInBhZ2Vfc291cmNlX2RhdGEiOnsibnVtYmVyIjoiOCIsImludGVyYWN0aXZlIjoiMCJ9LCJwYWdlX3RodW1ibmFpbF90eXBlIjoiYXV0byIsInBhZ2VfdGh1bWJuYWlsX2RhdGEiOnsicG9zdF9JRCI6IjAifSwicGFnZV9tZXRhX2RhdGEiOnsiY3NzX2xheWVyIjp7ImNzcyI6IiIsImh0bWwiOiIiLCJqcyI6IiJ9fSwicGFnZV9udW1iZXIiOiI4In0seyJwYWdlX0lEIjoiMzMzNSIsInBhZ2VfcG9zdF9JRCI6IjU5OTAiLCJwYWdlX3RpdGxlIjoiIiwicGFnZV9zb3VyY2VfdHlwZSI6InBkZiIsInBhZ2Vfc291cmNlX2RhdGEiOnsibnVtYmVyIjoiOSIsImludGVyYWN0aXZlIjoiMCJ9LCJwYWdlX3RodW1ibmFpbF90eXBlIjoiYXV0byIsInBhZ2VfdGh1bWJuYWlsX2RhdGEiOnsicG9zdF9JRCI6IjAifSwicGFnZV9tZXRhX2RhdGEiOnsiY3NzX2xheWVyIjp7ImNzcyI6IiIsImh0bWwiOiIiLCJqcyI6IiJ9fSwicGFnZV9udW1iZXIiOiI5In1dfSwiZmlyc3RQYWdlcyI6W119');window.FB3D_CLIENT_LOCALE && window.FB3D_CLIENT_LOCALE.render();<\/script>\n<p>&#8220;<strong>\u0645\u0627\u064a\u0646 \u0628\u064a\u0646\u064a<\/strong>\" \u0647\u064a \u062f\u0648\u0631\u0629 \u062a\u0639\u0644\u064a\u0645\u064a\u0629 \u0641\u064a \u0627\u0644\u0644\u063a\u0629 \u0627\u0644\u0623\u0644\u0645\u0627\u0646\u064a\u0629 \u0644\u0644\u0645\u062f\u0627\u0631\u0633. Der Kurs \u0645\u062e\u0635\u0635 \u0644\u0644\u0637\u0644\u0628\u0629 \u0627\u0644\u0630\u064a\u0646 \u0644\u0627 \u064a\u062c\u064a\u062f\u0648\u0646 \u0627\u0644\u0644\u063a\u0629 \u0627\u0644\u0623\u0644\u0645\u0627\u0646\u064a\u0629 \u0643\u0645\u062a\u062d\u062f\u062b\u064a\u0646 \u0623\u062c\u0627\u0646\u0628\u060c \u0648\u0647\u0648 \u0645\u0648\u062c\u0647 \u0644\u0644\u0637\u0644\u0628\u0629 \u0627\u0644\u0630\u064a\u0646 \u064a\u062f\u0631\u0633\u0648\u0646 \u0627\u0644\u0644\u063a\u0629 \u0627\u0644\u0623\u0644\u0645\u0627\u0646\u064a\u0629 \u0645\u0646 \u0627\u0644\u0645\u0633\u062a\u0648\u0649 1 \u0625\u0644\u0649 \u0627\u0644\u0645\u0633\u062a\u0648\u0649 6.<\/p>\n<p>Jede Stufe von \"Meine Biene\" enth\u00e4lt folgende Teile:<\/p>\n<ul>\n<li><strong>Sch\u00fclerbuch:<\/strong> Das Hauptlehrbuch f\u00fcr Sch\u00fcler mit bunten Bildern, spannenden Texten und interaktiven \u00dcbungen, die das Lernen leicht und spa\u00dfig machen.<\/li>\n<li><strong>Arbeitsbuch:<\/strong> Das Arbeitsbuch erg\u00e4nzt das Sch\u00fclerbuch \u0645\u0639 zus\u00e4tzlichen \u00dcbungen und Aktivit\u00e4ten. Es hilft den Sch\u00fclern, das Gelernte zu \u00fcben und zu festigen.<\/li>\n<li><strong>\u0643\u062a\u064a\u0628 \u0625\u0631\u0634\u0627\u062f\u0627\u062a<\/strong> \u062f\u0644\u064a\u0644 \u0634\u0627\u0645\u0644 \u0644\u0644\u0645\u0639\u0644\u0645\u064a\u0646 \u0645\u0639 \u0643\u062a\u064a\u0628 \u064a\u062f\u0648\u064a \u0644\u0644\u0645\u0639\u0644\u0645\u064a\u0646 \u0645\u0639 \u062a\u0641\u0627\u0635\u064a\u0644 \u0645\u0641\u0635\u0644\u0629 \u0639\u0646 Unterrichtspl\u00e4nen\u060c \u0646\u0635\u0627\u0626\u062d \u0648\u0645\u0648\u0627\u062f \u062a\u0639\u0644\u064a\u0645\u064a\u0629 \u0648\u0645\u0648\u0627\u062f \u062a\u0639\u0644\u064a\u0645\u064a\u0629 \u0645\u0641\u064a\u062f\u0629 \u0644\u0644\u0645\u062a\u0639\u0644\u0645\u064a\u0646 \u0627\u0644\u0630\u064a\u0646 \u064a\u0631\u063a\u0628\u0648\u0646 \u0641\u064a \u062a\u062d\u0633\u064a\u0646 \u0645\u0647\u0627\u0631\u0627\u062a\u0647\u0645.<\/li>\n<li><strong>\u0627\u0644\u0635\u0648\u062a:<\/strong> Hochwertige Audioaufnahmen\u060c die das Sch\u00fclerbuch begleiten. Die Aufnahmen von Muttersprachlern \u064a\u0633\u0627\u0639\u062f\u0648\u0646 \u0627\u0644\u0637\u0644\u0627\u0628 \u0639\u0644\u0649 \u062a\u062d\u0633\u064a\u0646 \u0645\u0647\u0627\u0631\u0627\u062a\u0647\u0645 \u0641\u064a \u0627\u0644\u0642\u0631\u0627\u0621\u0629 \u0648\u0627\u0644\u0643\u062a\u0627\u0628\u0629.<\/li>\n<\/ul>\n<p>&#8220;<strong>\u0645\u0627\u064a\u0646 \u0628\u064a\u0646\u064a<\/strong>\" \u0645\u062b\u0627\u0644\u064a\u0629 \u0644\u0644\u0645\u062f\u0627\u0631\u0633 \u0627\u0644\u062a\u064a \u062a\u0636\u0645 \u0637\u0644\u0627\u0628\u064b\u0627 \u0644\u0627 \u064a\u062a\u0642\u0646\u0648\u0646 \u0627\u0644\u0644\u063a\u0629 \u0627\u0644\u0623\u0644\u0645\u0627\u0646\u064a\u0629. \u064a\u0642\u062f\u0645 Der Kurs \u062f\u0631\u0648\u0633\u0627\u064b \u0645\u0641\u064a\u062f\u0629 \u0648\u0645\u0641\u064a\u062f\u0629 \u0641\u064a \u062a\u0639\u0644\u0645 \u0627\u0644\u0644\u063a\u0629 \u0627\u0644\u0623\u0644\u0645\u0627\u0646\u064a\u0629. \u0645\u0646 \u062e\u0644\u0627\u0644 \u0627\u0644\u0645\u062d\u0627\u0636\u0631\u0627\u062a \u0627\u0644\u062a\u0641\u0627\u0639\u0644\u064a\u0629 \u0648\u0627\u0644\u062f\u0631\u0648\u0633 \u0627\u0644\u062a\u0637\u0628\u064a\u0642\u064a\u0629 \u0648\u0627\u0644\u062f\u0631\u0648\u0633 \u0627\u0644\u0635\u0648\u062a\u064a\u0629 \u0627\u0644\u0623\u0635\u0644\u064a\u0629 \u064a\u062d\u0635\u0644 \u0627\u0644\u062f\u0627\u0631\u0633\u0648\u0646 \u0639\u0644\u0649 \u062f\u0631\u0648\u0633 \u0641\u064a \u0627\u0644\u0644\u063a\u0629 \u0627\u0644\u0623\u0644\u0645\u0627\u0646\u064a\u0629 \u0645\u0646 \u062e\u0644\u0627\u0644 \u062a\u0639\u0644\u0645 \u0627\u0644\u0644\u063a\u0629 \u0627\u0644\u0623\u0644\u0645\u0627\u0646\u064a\u0629 \u0648\u0627\u0644\u062a\u062d\u062f\u062b \u0628\u0647\u0627.<\/p>\n<p>&nbsp;<\/p>\n<p>&nbsp;<\/p>\n<p>&#8220;<strong>\u0645\u0627\u064a\u0646 \u0628\u064a\u0646\u064a<\/strong>\" \u0647\u064a \u062f\u0648\u0631\u0629 \u0634\u0627\u0645\u0644\u0629 \u0644\u062a\u0639\u0644\u064a\u0645 \u0627\u0644\u0644\u063a\u0629 \u0627\u0644\u0623\u0644\u0645\u0627\u0646\u064a\u0629 \u0645\u0635\u0645\u0645\u0629 \u0644\u0644\u0645\u062f\u0627\u0631\u0633\u060c \u062a\u0642\u062f\u0645 \u0645\u0646\u0647\u062c\u064b\u0627 \u0645\u0646\u0638\u0645\u064b\u0627 \u0648\u062c\u0630\u0627\u0628\u064b\u0627 \u0644\u062a\u0639\u0644\u0645 \u0627\u0644\u0644\u063a\u0629 \u0627\u0644\u0623\u0644\u0645\u0627\u0646\u064a\u0629 \u0644\u063a\u064a\u0631 \u0627\u0644\u0646\u0627\u0637\u0642\u064a\u0646 \u0628\u0647\u0627. \u062a\u062a\u0623\u0644\u0641 \u0627\u0644\u062f\u0648\u0631\u0629 \u0645\u0646 \u0633\u062a\u0629 \u0645\u0633\u062a\u0648\u064a\u0627\u062a\u060c \u0645\u0646 \u0627\u0644\u0645\u0633\u062a\u0648\u0649 1 \u0625\u0644\u0649 \u0627\u0644\u0645\u0633\u062a\u0648\u0649 6\u060c \u0644\u062a\u0644\u0628\u064a\u0629 \u0627\u062d\u062a\u064a\u0627\u062c\u0627\u062a \u0627\u0644\u0637\u0644\u0627\u0628 \u0641\u064a \u0645\u0631\u0627\u062d\u0644 \u0645\u062e\u062a\u0644\u0641\u0629 \u0645\u0646 \u0625\u062a\u0642\u0627\u0646 \u0627\u0644\u0644\u063a\u0629.<\/p>\n<p>\u064a\u062a\u0636\u0645\u0646 \u0643\u0644 \u0645\u0633\u062a\u0648\u0649 \u0645\u0646 \u0645\u0633\u062a\u0648\u064a\u0627\u062a \"Meine Biene\" \u0627\u0644\u0645\u0643\u0648\u0646\u0627\u062a \u0627\u0644\u062a\u0627\u0644\u064a\u0629:<\/p>\n<ul>\n<li><strong>\u0643\u062a\u0627\u0628 \u0627\u0644\u062a\u0644\u0645\u064a\u0630:<\/strong> \u0627\u0644\u0643\u062a\u0627\u0628 \u0627\u0644\u0645\u062f\u0631\u0633\u064a \u0627\u0644\u0623\u0633\u0627\u0633\u064a \u0644\u0644\u0637\u0644\u0627\u0628\u060c \u0645\u0644\u064a\u0621 \u0628\u0627\u0644\u0631\u0633\u0648\u0645 \u0627\u0644\u062a\u0648\u0636\u064a\u062d\u064a\u0629 \u0627\u0644\u0645\u0644\u0648\u0646\u0629 \u0648\u0627\u0644\u0646\u0635\u0648\u0635 \u0627\u0644\u062c\u0630\u0627\u0628\u0629 \u0648\u0627\u0644\u062a\u0645\u0627\u0631\u064a\u0646 \u0627\u0644\u062a\u0641\u0627\u0639\u0644\u064a\u0629 \u0644\u062a\u0633\u0647\u064a\u0644 \u062a\u0639\u0644\u0645 \u0627\u0644\u0644\u063a\u0629 \u0628\u0637\u0631\u064a\u0642\u0629 \u0645\u0645\u062a\u0639\u0629 \u0648\u0641\u0639\u0627\u0644\u0629.<\/li>\n<li><strong>\u0643\u062a\u0627\u0628 \u0627\u0644\u0639\u0645\u0644:<\/strong> \u064a\u0648\u0641\u0631 \u0643\u062a\u0627\u0628 \u0627\u0644\u0639\u0645\u0644 \u0627\u0644\u0645\u0643\u0645\u0644 \u0644\u0643\u062a\u0627\u0628 \u0627\u0644\u062a\u0644\u0645\u064a\u0630 \u062a\u0645\u0627\u0631\u064a\u0646 \u0648\u0623\u0646\u0634\u0637\u0629 \u062a\u062f\u0631\u064a\u0628\u064a\u0629 \u0625\u0636\u0627\u0641\u064a\u0629 \u0644\u062a\u0639\u0632\u064a\u0632 \u0627\u0644\u0645\u0648\u0627\u062f \u0627\u0644\u062a\u064a \u062a\u0639\u0644\u0645\u0647\u0627 \u0641\u064a \u0627\u0644\u0641\u0635\u0644\u060c \u0645\u0645\u0627 \u064a\u0633\u0627\u0639\u062f \u0627\u0644\u0637\u0644\u0627\u0628 \u0639\u0644\u0649 \u062a\u0639\u0632\u064a\u0632 \u0645\u0639\u0627\u0631\u0641\u0647\u0645 \u0648\u0645\u0647\u0627\u0631\u0627\u062a\u0647\u0645.<\/li>\n<li><strong>\u062f\u0644\u064a\u0644 \u0627\u0644\u0645\u0639\u0644\u0645:<\/strong> \u062f\u0644\u064a\u0644 \u0634\u0627\u0645\u0644 \u0644\u0644\u0645\u0639\u0644\u0645\u064a\u0646\u060c \u064a\u0642\u062f\u0645 \u062e\u0637\u0637 \u062f\u0631\u0648\u0633 \u0645\u0641\u0635\u0644\u0629 \u0648\u0646\u0635\u0627\u0626\u062d \u062a\u062f\u0631\u064a\u0633\u064a\u0629 \u0648\u0645\u0648\u0627\u0631\u062f \u0625\u0636\u0627\u0641\u064a\u0629 \u0644\u062a\u0639\u0632\u064a\u0632 \u0627\u0644\u062a\u062f\u0631\u064a\u0633 \u0641\u064a \u0627\u0644\u0641\u0635\u0648\u0644 \u0627\u0644\u062f\u0631\u0627\u0633\u064a\u0629 \u0648\u062f\u0639\u0645 \u0627\u0644\u0645\u0639\u0644\u0645\u064a\u0646 \u0641\u064a \u062a\u0642\u062f\u064a\u0645 \u0627\u0644\u062f\u0648\u0631\u0629 \u0627\u0644\u062a\u062f\u0631\u064a\u0628\u064a\u0629 \u0628\u0641\u0639\u0627\u0644\u064a\u0629.<\/li>\n<li><strong>\u0627\u0644\u0635\u0648\u062a:<\/strong> \u062a\u0633\u062c\u064a\u0644\u0627\u062a \u0635\u0648\u062a\u064a\u0629 \u0639\u0627\u0644\u064a\u0629 \u0627\u0644\u062c\u0648\u062f\u0629 \u0645\u0635\u0627\u062d\u0628\u0629 \u0644\u0643\u062a\u0627\u0628 \u0627\u0644\u062a\u0644\u0645\u064a\u0630\u060c \u062a\u0636\u0645 \u0645\u062a\u062d\u062f\u062b\u064a\u0646 \u0623\u0635\u0644\u064a\u064a\u0646 \u0644\u0644\u063a\u0629 \u0627\u0644\u0623\u0644\u0645\u0627\u0646\u064a\u0629. \u062a\u0633\u0627\u0639\u062f \u0627\u0644\u0645\u0648\u0627\u0631\u062f \u0627\u0644\u0635\u0648\u062a\u064a\u0629 \u0627\u0644\u0637\u0644\u0627\u0628 \u0639\u0644\u0649 \u062a\u0637\u0648\u064a\u0631 \u0645\u0647\u0627\u0631\u0627\u062a\u0647\u0645 \u0641\u064a \u0627\u0644\u0627\u0633\u062a\u0645\u0627\u0639 \u0648\u0627\u0644\u0646\u0637\u0642\u060c \u0645\u0645\u0627 \u064a\u0648\u0641\u0631 \u062a\u062c\u0631\u0628\u0629 \u0644\u063a\u0648\u064a\u0629 \u0623\u0635\u064a\u0644\u0629.<\/li>\n<\/ul>\n<p>&#8220;<strong>\u0645\u0627\u064a\u0646 \u0628\u064a\u0646\u064a<\/strong>\" \u0645\u062b\u0627\u0644\u064a \u0644\u0644\u0645\u062f\u0627\u0631\u0633 \u0627\u0644\u062a\u064a \u0644\u0627 \u064a\u062a\u062d\u062f\u062b \u063a\u064a\u0631 \u0627\u0644\u0646\u0627\u0637\u0642\u064a\u0646 \u0628\u0627\u0644\u0644\u063a\u0629 \u0627\u0644\u0623\u0644\u0645\u0627\u0646\u064a\u0629\u060c \u062d\u064a\u062b \u064a\u0642\u062f\u0645 \u0645\u0633\u0627\u0631\u064b\u0627 \u0648\u0627\u0636\u062d\u064b\u0627 \u0648\u062a\u062f\u0631\u064a\u062c\u064a\u064b\u0627 \u0644\u0625\u062a\u0642\u0627\u0646 \u0627\u0644\u0644\u063a\u0629 \u0627\u0644\u0623\u0644\u0645\u0627\u0646\u064a\u0629. \u0645\u0646 \u062e\u0644\u0627\u0644 \u0627\u0644\u062f\u0631\u0648\u0633 \u0627\u0644\u062a\u0641\u0627\u0639\u0644\u064a\u0629 \u0648\u0627\u0644\u062a\u0645\u0627\u0631\u064a\u0646 \u0627\u0644\u0639\u0645\u0644\u064a\u0629 \u0648\u0627\u0644\u062a\u062c\u0627\u0631\u0628 \u0627\u0644\u0635\u0648\u062a\u064a\u0629 \u0627\u0644\u063a\u0627\u0645\u0631\u0629\u060c \u0633\u064a\u0643\u062a\u0633\u0628 \u0627\u0644\u0637\u0644\u0627\u0628 \u0627\u0644\u062b\u0642\u0629 \u0648\u0627\u0644\u0625\u062a\u0642\u0627\u0646 \u0641\u064a \u0627\u0644\u0644\u063a\u0629 \u0627\u0644\u0623\u0644\u0645\u0627\u0646\u064a\u0629\u060c \u0645\u0645\u0627 \u064a\u0624\u0647\u0644\u0647\u0645 \u0644\u0627\u0633\u062a\u062e\u062f\u0627\u0645 \u0627\u0644\u0644\u063a\u0629 \u0627\u0644\u0623\u0644\u0645\u0627\u0646\u064a\u0629 \u0648\u0627\u0644\u062a\u0648\u0627\u0635\u0644 \u0628\u0647\u0627 \u0628\u0634\u0643\u0644 \u0645\u062a\u0642\u062f\u0645.<\/p>","protected":false},"excerpt":{"rendered":"<div class=\"_3d-flip-book  fb3d-fullscreen-mode full-size\" data-id=\"5990\" data-mode=\"fullscreen\" data-title=\"false\" data-template=\"short-white-book-view\" data-lightbox=\"dark-shadow\" data-urlparam=\"fb3d-page\" data-page-n=\"0\" data-pdf=\"\" data-tax=\"null\" data-thumbnail=\"\" data-cols=\"3\" data-book-template=\"default\"><\/div>\n<p><script type=\"text\/javascript\">window.FB3D_CLIENT_DATA = window.FB3D_CLIENT_DATA || [];window.FB3D_CLIENT_DATA.push('eyJwb3N0cyI6eyI1OTkwIjp7IklEIjo1OTkwLCJ0aXRsZSI6Ik1laW5lIEJpZW5lICg2KSAoQXJiZWl0c2J1Y2gpIiwidHlwZSI6InBkZiIsInJlYWR5X2Z1bmN0aW9uIjoiIiwiYm9va19zdHlsZSI6ImZsYXQiLCJib29rX3RlbXBsYXRlIjoibm9uZSIsIm91dGxpbmUiOltdLCJkYXRhIjp7InBvc3RfSUQiOiI2NzgyIiwiZ3VpZCI6Imh0dHBzOlwvXC9laXBkZWd5cHQuY29tXC93cC1jb250ZW50XC91cGxvYWRzXC8yMDI0XC8wNVwvTWVpbmUtQmllbmUtNkFyYmVpdHNidWNoUERGLVNhbXBsZS1OZXcucGRmIiwicGRmX3BhZ2VzIjoiMTAiLCJwYWdlc19jdXN0b21pemF0aW9uIjoiYWxsIn0sInRodW1ibmFpbCI6eyJkYXRhIjp7InBvc3RfSUQiOiIwIn0sInR5cGUiOiJhdXRvIn0sInByb3BzIjp7ImJhY2tncm91bmRDb2xvciI6ImF1dG8iLCJiYWNrZ3JvdW5kSW1hZ2UiOiJhdXRvIiwiYmFja2dyb3VuZFN0eWxlIjoiYXV0byIsImhpZ2hsaWdodExpbmtzIjoiYXV0byIsImxpZ2h0aW5nIjoiYXV0byIsImNhY2hlZFBhZ2VzIjoiYXV0byIsInJlbmRlckluYWN0aXZlUGFnZXMiOiJhdXRvIiwicmVuZGVySW5hY3RpdmVQYWdlc09uTW9iaWxlIjoiYXV0byIsInJlbmRlcldoaWxlRmxpcHBpbmciOiJhdXRvIiwicHJlbG9hZFBhZ2VzIjoiYXV0byIsImF1dG9QbGF5RHVyYXRpb24iOiJhdXRvIiwicnRsIjoiYXV0byIsImludGVyYWN0aXZlQ29ybmVycyI6ImF1dG8iLCJtYXhEZXB0aCI6ImF1dG8iLCJzaGVldCI6eyJzdGFydFZlbG9jaXR5IjoiYXV0byIsIndhdmUiOiJhdXRvIiwic2hhcGUiOiJhdXRvIiwid2lkdGhUZXhlbHMiOiJhdXRvIiwiY29sb3IiOiJhdXRvIiwic2lkZSI6ImF1dG8iLCJjb3JuZXJEZXZpYXRpb24iOiJhdXRvIiwiZmxleGliaWxpdHkiOiJhdXRvIiwiZmxleGlibGVDb3JuZXIiOiJhdXRvIiwiYmVuZGluZyI6ImF1dG8iLCJoZWlnaHRUZXhlbHMiOiJhdXRvIn0sImNvdmVyIjp7IndhdmUiOiJhdXRvIiwiY29sb3IiOiJhdXRvIiwic2lkZSI6ImF1dG8iLCJiaW5kZXJUZXh0dXJlIjoiYXV0byIsImRlcHRoIjoiYXV0byIsInBhZGRpbmciOiJhdXRvIiwic3RhcnRWZWxvY2l0eSI6ImF1dG8iLCJmbGV4aWJpbGl0eSI6ImF1dG8iLCJmbGV4aWJsZUNvcm5lciI6ImF1dG8iLCJiZW5kaW5nIjoiYXV0byIsIndpZHRoVGV4ZWxzIjoiYXV0byIsImhlaWdodFRleGVscyI6ImF1dG8iLCJtYXNzIjoiYXV0byIsInNoYXBlIjoiYXV0byJ9LCJwYWdlIjp7IndhdmUiOiJhdXRvIiwiY29sb3IiOiJhdXRvIiwic2lkZSI6ImF1dG8iLCJkZXB0aCI6ImF1dG8iLCJzdGFydFZlbG9jaXR5IjoiYXV0byIsImZsZXhpYmlsaXR5IjoiYXV0byIsImZsZXhpYmxlQ29ybmVyIjoiYXV0byIsImJlbmRpbmciOiJhdXRvIiwid2lkdGhUZXhlbHMiOiJhdXRvIiwiaGVpZ2h0VGV4ZWxzIjoiYXV0byIsIm1hc3MiOiJhdXRvIiwic2hhcGUiOiJhdXRvIn0sImhlaWdodCI6ImF1dG8iLCJ3aWR0aCI6ImF1dG8iLCJncmF2aXR5IjoiYXV0byIsInBhZ2VzRm9yUHJlZGljdGluZyI6ImF1dG8ifSwiY29udHJvbFByb3BzIjp7ImFjdGlvbnMiOnsiY21kVG9jIjp7ImVuYWJsZWQiOiJhdXRvIiwiZW5hYmxlZEluTmFycm93IjoiYXV0byIsImFjdGl2ZSI6ImF1dG8iLCJkZWZhdWx0VGFiIjoiYXV0byJ9LCJjbWRBdXRvUGxheSI6eyJlbmFibGVkIjoiYXV0byIsImVuYWJsZWRJbk5hcnJvdyI6ImF1dG8iLCJhY3RpdmUiOiJhdXRvIn0sImNtZFNhdmUiOnsiZW5hYmxlZCI6ImF1dG8iLCJlbmFibGVkSW5OYXJyb3ciOiJhdXRvIn0sImNtZFByaW50Ijp7ImVuYWJsZWQiOiJhdXRvIiwiZW5hYmxlZEluTmFycm93IjoiYXV0byJ9LCJjbWRTaW5nbGVQYWdlIjp7ImVuYWJsZWQiOiJhdXRvIiwiZW5hYmxlZEluTmFycm93IjoiYXV0byIsImFjdGl2ZSI6ImF1dG8iLCJhY3RpdmVGb3JNb2JpbGUiOiJhdXRvIn0sIndpZFRvb2xiYXIiOnsiZW5hYmxlZCI6ImF1dG8iLCJlbmFibGVkSW5OYXJyb3ciOiJhdXRvIn19fSwiYXV0b1RodW1ibmFpbCI6Imh0dHBzOlwvXC9laXBkZWd5cHQuY29tXC93cC1jb250ZW50XC91cGxvYWRzXC8zZC1mbGlwLWJvb2tcL2F1dG8tdGh1bWJuYWlsc1wvNTk5MC5wbmciLCJwb3N0X25hbWUiOiJtZWluZS1iaWVuZS02LWFyYmVpdHNidWNoIiwicG9zdF90eXBlIjoiM2QtZmxpcC1ib29rIn19LCJwYWdlcyI6eyI1OTkwIjpbeyJwYWdlX0lEIjoiMzMyNiIsInBhZ2VfcG9zdF9JRCI6IjU5OTAiLCJwYWdlX3RpdGxlIjoiIiwicGFnZV9zb3VyY2VfdHlwZSI6InBkZiIsInBhZ2Vfc291cmNlX2RhdGEiOnsibnVtYmVyIjoiMCIsImludGVyYWN0aXZlIjoiMCJ9LCJwYWdlX3RodW1ibmFpbF90eXBlIjoiYXV0byIsInBhZ2VfdGh1bWJuYWlsX2RhdGEiOnsicG9zdF9JRCI6IjAifSwicGFnZV9tZXRhX2RhdGEiOnsiY3NzX2xheWVyIjp7ImNzcyI6IiIsImh0bWwiOiIiLCJqcyI6IiJ9fSwicGFnZV9udW1iZXIiOiIwIn0seyJwYWdlX0lEIjoiMzMyNyIsInBhZ2VfcG9zdF9JRCI6IjU5OTAiLCJwYWdlX3RpdGxlIjoiIiwicGFnZV9zb3VyY2VfdHlwZSI6InBkZiIsInBhZ2Vfc291cmNlX2RhdGEiOnsibnVtYmVyIjoiMSIsImludGVyYWN0aXZlIjoiMCJ9LCJwYWdlX3RodW1ibmFpbF90eXBlIjoiYXV0byIsInBhZ2VfdGh1bWJuYWlsX2RhdGEiOnsicG9zdF9JRCI6IjAifSwicGFnZV9tZXRhX2RhdGEiOnsiY3NzX2xheWVyIjp7ImNzcyI6IiIsImh0bWwiOiIiLCJqcyI6IiJ9fSwicGFnZV9udW1iZXIiOiIxIn0seyJwYWdlX0lEIjoiMzMyOCIsInBhZ2VfcG9zdF9JRCI6IjU5OTAiLCJwYWdlX3RpdGxlIjoiIiwicGFnZV9zb3VyY2VfdHlwZSI6InBkZiIsInBhZ2Vfc291cmNlX2RhdGEiOnsibnVtYmVyIjoiMiIsImludGVyYWN0aXZlIjoiMCJ9LCJwYWdlX3RodW1ibmFpbF90eXBlIjoiYXV0byIsInBhZ2VfdGh1bWJuYWlsX2RhdGEiOnsicG9zdF9JRCI6IjAifSwicGFnZV9tZXRhX2RhdGEiOnsiY3NzX2xheWVyIjp7ImNzcyI6IiIsImh0bWwiOiIiLCJqcyI6IiJ9fSwicGFnZV9udW1iZXIiOiIyIn0seyJwYWdlX0lEIjoiMzMyOSIsInBhZ2VfcG9zdF9JRCI6IjU5OTAiLCJwYWdlX3RpdGxlIjoiIiwicGFnZV9zb3VyY2VfdHlwZSI6InBkZiIsInBhZ2Vfc291cmNlX2RhdGEiOnsibnVtYmVyIjoiMyIsImludGVyYWN0aXZlIjoiMCJ9LCJwYWdlX3RodW1ibmFpbF90eXBlIjoiYXV0byIsInBhZ2VfdGh1bWJuYWlsX2RhdGEiOnsicG9zdF9JRCI6IjAifSwicGFnZV9tZXRhX2RhdGEiOnsiY3NzX2xheWVyIjp7ImNzcyI6IiIsImh0bWwiOiIiLCJqcyI6IiJ9fSwicGFnZV9udW1iZXIiOiIzIn0seyJwYWdlX0lEIjoiMzMzMCIsInBhZ2VfcG9zdF9JRCI6IjU5OTAiLCJwYWdlX3RpdGxlIjoiIiwicGFnZV9zb3VyY2VfdHlwZSI6InBkZiIsInBhZ2Vfc291cmNlX2RhdGEiOnsibnVtYmVyIjoiNCIsImludGVyYWN0aXZlIjoiMCJ9LCJwYWdlX3RodW1ibmFpbF90eXBlIjoiYXV0byIsInBhZ2VfdGh1bWJuYWlsX2RhdGEiOnsicG9zdF9JRCI6IjAifSwicGFnZV9tZXRhX2RhdGEiOnsiY3NzX2xheWVyIjp7ImNzcyI6IiIsImh0bWwiOiIiLCJqcyI6IiJ9fSwicGFnZV9udW1iZXIiOiI0In0seyJwYWdlX0lEIjoiMzMzMSIsInBhZ2VfcG9zdF9JRCI6IjU5OTAiLCJwYWdlX3RpdGxlIjoiIiwicGFnZV9zb3VyY2VfdHlwZSI6InBkZiIsInBhZ2Vfc291cmNlX2RhdGEiOnsibnVtYmVyIjoiNSIsImludGVyYWN0aXZlIjoiMCJ9LCJwYWdlX3RodW1ibmFpbF90eXBlIjoiYXV0byIsInBhZ2VfdGh1bWJuYWlsX2RhdGEiOnsicG9zdF9JRCI6IjAifSwicGFnZV9tZXRhX2RhdGEiOnsiY3NzX2xheWVyIjp7ImNzcyI6IiIsImh0bWwiOiIiLCJqcyI6IiJ9fSwicGFnZV9udW1iZXIiOiI1In0seyJwYWdlX0lEIjoiMzMzMiIsInBhZ2VfcG9zdF9JRCI6IjU5OTAiLCJwYWdlX3RpdGxlIjoiIiwicGFnZV9zb3VyY2VfdHlwZSI6InBkZiIsInBhZ2Vfc291cmNlX2RhdGEiOnsibnVtYmVyIjoiNiIsImludGVyYWN0aXZlIjoiMCJ9LCJwYWdlX3RodW1ibmFpbF90eXBlIjoiYXV0byIsInBhZ2VfdGh1bWJuYWlsX2RhdGEiOnsicG9zdF9JRCI6IjAifSwicGFnZV9tZXRhX2RhdGEiOnsiY3NzX2xheWVyIjp7ImNzcyI6IiIsImh0bWwiOiIiLCJqcyI6IiJ9fSwicGFnZV9udW1iZXIiOiI2In0seyJwYWdlX0lEIjoiMzMzMyIsInBhZ2VfcG9zdF9JRCI6IjU5OTAiLCJwYWdlX3RpdGxlIjoiIiwicGFnZV9zb3VyY2VfdHlwZSI6InBkZiIsInBhZ2Vfc291cmNlX2RhdGEiOnsibnVtYmVyIjoiNyIsImludGVyYWN0aXZlIjoiMCJ9LCJwYWdlX3RodW1ibmFpbF90eXBlIjoiYXV0byIsInBhZ2VfdGh1bWJuYWlsX2RhdGEiOnsicG9zdF9JRCI6IjAifSwicGFnZV9tZXRhX2RhdGEiOnsiY3NzX2xheWVyIjp7ImNzcyI6IiIsImh0bWwiOiIiLCJqcyI6IiJ9fSwicGFnZV9udW1iZXIiOiI3In0seyJwYWdlX0lEIjoiMzMzNCIsInBhZ2VfcG9zdF9JRCI6IjU5OTAiLCJwYWdlX3RpdGxlIjoiIiwicGFnZV9zb3VyY2VfdHlwZSI6InBkZiIsInBhZ2Vfc291cmNlX2RhdGEiOnsibnVtYmVyIjoiOCIsImludGVyYWN0aXZlIjoiMCJ9LCJwYWdlX3RodW1ibmFpbF90eXBlIjoiYXV0byIsInBhZ2VfdGh1bWJuYWlsX2RhdGEiOnsicG9zdF9JRCI6IjAifSwicGFnZV9tZXRhX2RhdGEiOnsiY3NzX2xheWVyIjp7ImNzcyI6IiIsImh0bWwiOiIiLCJqcyI6IiJ9fSwicGFnZV9udW1iZXIiOiI4In0seyJwYWdlX0lEIjoiMzMzNSIsInBhZ2VfcG9zdF9JRCI6IjU5OTAiLCJwYWdlX3RpdGxlIjoiIiwicGFnZV9zb3VyY2VfdHlwZSI6InBkZiIsInBhZ2Vfc291cmNlX2RhdGEiOnsibnVtYmVyIjoiOSIsImludGVyYWN0aXZlIjoiMCJ9LCJwYWdlX3RodW1ibmFpbF90eXBlIjoiYXV0byIsInBhZ2VfdGh1bWJuYWlsX2RhdGEiOnsicG9zdF9JRCI6IjAifSwicGFnZV9tZXRhX2RhdGEiOnsiY3NzX2xheWVyIjp7ImNzcyI6IiIsImh0bWwiOiIiLCJqcyI6IiJ9fSwicGFnZV9udW1iZXIiOiI5In1dfSwiZmlyc3RQYWdlcyI6W119');window.FB3D_CLIENT_LOCALE &#038;& window.FB3D_CLIENT_LOCALE.render();<\/script><\/p>","protected":false},"featured_media":5840,"comment_status":"open","ping_status":"closed","template":"","meta":{"content-type":"","passster_activate_protection":false,"passster_protect_child_pages":"","passster_protection_type":"password","passster_password":"","passster_activate_overwrite_defaults":"","passster_headline":"","passster_instruction":"","passster_placeholder":"","passster_button":"","passster_id":"","passster_activate_misc_settings":"","passster_redirect_url":"","passster_hide":"no","passster_area_shortcode":""},"product_cat":[227,213],"product_tag":[],"class_list":{"0":"post-6456","1":"product","2":"type-product","3":"status-publish","4":"has-post-thumbnail","6":"product_cat-language-teaching","7":"product_cat-german","9":"first","10":"instock","11":"sold-individually","12":"shipping-taxable","13":"purchasable","14":"product-type-variable"},"_links":{"self":[{"href":"https:\/\/eipdegypt.com\/ar\/wp-json\/wp\/v2\/product\/6456","targetHints":{"allow":["GET"]}}],"collection":[{"href":"https:\/\/eipdegypt.com\/ar\/wp-json\/wp\/v2\/product"}],"about":[{"href":"https:\/\/eipdegypt.com\/ar\/wp-json\/wp\/v2\/types\/product"}],"replies":[{"embeddable":true,"href":"https:\/\/eipdegypt.com\/ar\/wp-json\/wp\/v2\/comments?post=6456"}],"wp:featuredmedia":[{"embeddable":true,"href":"https:\/\/eipdegypt.com\/ar\/wp-json\/wp\/v2\/media\/5840"}],"wp:attachment":[{"href":"https:\/\/eipdegypt.com\/ar\/wp-json\/wp\/v2\/media?parent=6456"}],"wp:term":[{"taxonomy":"product_cat","embeddable":true,"href":"https:\/\/eipdegypt.com\/ar\/wp-json\/wp\/v2\/product_cat?post=6456"},{"taxonomy":"product_tag","embeddable":true,"href":"https:\/\/eipdegypt.com\/ar\/wp-json\/wp\/v2\/product_tag?post=6456"}],"curies":[{"name":"wp","href":"https:\/\/api.w.org\/{rel}","templated":true}]}}